{"id":2160,"date":"2026-03-16T09:57:17","date_gmt":"2026-03-16T09:57:17","guid":{"rendered":"https:\/\/lautentic.es\/?page_id=2160"},"modified":"2026-03-17T07:11:22","modified_gmt":"2026-03-17T07:11:22","slug":"ensaladilla-de-marisco","status":"publish","type":"page","link":"https:\/\/lautentic.es\/en\/ensaladilla-de-marisco\/","title":{"rendered":"Seafood Salad"},"content":{"rendered":"<div data-vc-full-width=\"true\" data-vc-full-width-init=\"false\" data-vc-stretch-content=\"true\" class=\"vc_row wpb_row vc_row-fluid vc_row-no-padding\"><div class=\"wpb_column vc_column_container vc_col-sm-12 vc_hidden-md vc_hidden-sm vc_hidden-xs\"><div class=\"vc_column-inner\"><div class=\"wpb_wrapper\">\n\t<div  class=\"wpb_single_image wpb_content_element vc_align_left\">\n\t\t\n\t\t<figure class=\"wpb_wrapper vc_figure\">\n\t\t\t<div class=\"vc_single_image-wrapper   vc_box_border_grey\"><img class=\"vc_single_image-img\" src=\"https:\/\/lautentic.es\/wp-content\/uploads\/2026\/03\/Platos-TPM-18-scaled-1905x800.jpg\" width=\"1905\" height=\"800\" alt=\"Platos TPM-18\" title=\"Platos TPM-18\" \/><\/div>\n\t\t<\/figure>\n\t<\/div>\n<\/div><\/div><\/div><\/div><div class=\"vc_row-full-width vc_clearfix\"><\/div><div data-vc-full-width=\"true\" data-vc-full-width-init=\"false\" data-vc-stretch-content=\"true\" class=\"vc_row wpb_row vc_row-fluid vc_row-no-padding\"><div class=\"wpb_column vc_column_container vc_col-sm-12 vc_hidden-lg\"><div class=\"vc_column-inner\"><div class=\"wpb_wrapper\"><div class=\"vc_empty_space\"   style=\"height: 64px\"><span class=\"vc_empty_space_inner\"><\/span><\/div>\n\t<div  class=\"wpb_single_image wpb_content_element vc_align_left\">\n\t\t\n\t\t<figure class=\"wpb_wrapper vc_figure\">\n\t\t\t<div class=\"vc_single_image-wrapper   vc_box_border_grey\"><img class=\"vc_single_image-img\" src=\"https:\/\/lautentic.es\/wp-content\/uploads\/2026\/03\/Platos-TPM-18-scaled-1905x700.jpg\" width=\"1905\" height=\"700\" alt=\"Platos TPM-18\" title=\"Platos TPM-18\" \/><\/div>\n\t\t<\/figure>\n\t<\/div>\n<\/div><\/div><\/div><\/div><div class=\"vc_row-full-width vc_clearfix\"><\/div><div class=\"container\"><div class=\"vc_row wpb_row vc_row-fluid\"><div class=\"wpb_column vc_column_container vc_col-sm-12\"><div class=\"vc_column-inner\"><div class=\"wpb_wrapper\"><div class=\"vc_empty_space\"   style=\"height: 75px\"><span class=\"vc_empty_space_inner\"><\/span><\/div><div style=\"font-size: 100px;color: #fed428;line-height: 1;text-align: center;font-family:script;font-weight:400;font-style:normal\" class=\"vc_custom_heading\" >Taste of tradition<\/div><div class=\"vc_empty_space\"   style=\"height: 75px\"><span class=\"vc_empty_space_inner\"><\/span><\/div>\n\t<div class=\"wpb_text_column wpb_content_element\" >\n\t\t<div class=\"wpb_wrapper\">\n\t\t\t<h1 style=\"text-align: center;\">Seafood Salad<\/h1>\n\n\t\t<\/div>\n\t<\/div>\n<div class=\"vc_empty_space\"   style=\"height: 32px\"><span class=\"vc_empty_space_inner\"><\/span><\/div>\n\t<div class=\"wpb_text_column wpb_content_element\" >\n\t\t<div class=\"wpb_wrapper\">\n\t\t\t<p style=\"text-align: center;\">Our seafood salad is an exquisite<br \/>\ncombination of\nthe finest seafood,<br \/>\nlovingly prepared according\nto a traditional recipe.<br \/>\nEach serving reflects our\ncommitment<br \/>\nto quality and authentic flavour.<\/p>\n\n\t\t<\/div>\n\t<\/div>\n<div class=\"vc_empty_space\"   style=\"height: 64px\"><span class=\"vc_empty_space_inner\"><\/span><\/div><\/div><\/div><\/div><\/div><\/div><div class=\"container\"><div class=\"vc_row wpb_row vc_row-fluid\"><div class=\"wpb_column vc_column_container vc_col-sm-12\"><div class=\"vc_column-inner\"><div class=\"wpb_wrapper\"><div class=\"vc_row wpb_row vc_inner vc_row-fluid\"><div class=\"wpb_column vc_column_container vc_col-sm-6\"><div class=\"vc_column-inner\"><div class=\"wpb_wrapper\">\n\t<div  class=\"wpb_single_image wpb_content_element vc_align_left  vc_custom_1773656195491\">\n\t\t\n\t\t<figure class=\"wpb_wrapper vc_figure\">\n\t\t\t<div class=\"vc_single_image-wrapper   vc_box_border_grey\"><img class=\"vc_single_image-img\" src=\"https:\/\/lautentic.es\/wp-content\/uploads\/2026\/03\/ENSAL.-MARISCO-250g-600x364.png\" width=\"600\" height=\"364\" alt=\"ENSAL. MARISCO 250g\" title=\"ENSAL. MARISCO 250g\" \/><\/div>\n\t\t<\/figure>\n\t<\/div>\n<\/div><\/div><\/div><div class=\"wpb_column vc_column_container vc_col-sm-6\"><div class=\"vc_column-inner\"><div class=\"wpb_wrapper\"><div class=\"vc_empty_space\"   style=\"height: 34px\"><span class=\"vc_empty_space_inner\"><\/span><\/div>\n\t<div class=\"wpb_text_column wpb_content_element\" >\n\t\t<div class=\"wpb_wrapper\">\n\t\t\t<h2><span style=\"font-weight: 400;\">tray 250g<\/span><\/h2>\n\n\t\t<\/div>\n\t<\/div>\n<div class=\"vc_empty_space\"   style=\"height: 22px\"><span class=\"vc_empty_space_inner\"><\/span><\/div>\n\t<div class=\"wpb_text_column wpb_content_element\" >\n\t\t<div class=\"wpb_wrapper\">\n\t\t\t<p>This package is perfect for home use. The tray takes up very little space in the fridge.<\/p>\n\n\t\t<\/div>\n\t<\/div>\n<\/div><\/div><\/div><\/div><div class=\"vc_empty_space\"   style=\"height: 64px\"><span class=\"vc_empty_space_inner\"><\/span><\/div><div class=\"vc_row wpb_row vc_inner vc_row-fluid\"><div class=\"wpb_column vc_column_container vc_col-sm-6\"><div class=\"vc_column-inner\"><div class=\"wpb_wrapper\">\n\t<div  class=\"wpb_single_image wpb_content_element vc_align_left  vc_custom_1773656222463\">\n\t\t\n\t\t<figure class=\"wpb_wrapper vc_figure\">\n\t\t\t<div class=\"vc_single_image-wrapper   vc_box_border_grey\"><img class=\"vc_single_image-img\" src=\"https:\/\/lautentic.es\/wp-content\/uploads\/2026\/03\/ENSAL.-MARISCO-400g-600x364.png\" width=\"600\" height=\"364\" alt=\"ENSAL. MARISCO 400g\" title=\"ENSAL. MARISCO 400g\" \/><\/div>\n\t\t<\/figure>\n\t<\/div>\n<\/div><\/div><\/div><div class=\"wpb_column vc_column_container vc_col-sm-6\"><div class=\"vc_column-inner\"><div class=\"wpb_wrapper\"><div class=\"vc_empty_space\"   style=\"height: 34px\"><span class=\"vc_empty_space_inner\"><\/span><\/div>\n\t<div class=\"wpb_text_column wpb_content_element\" >\n\t\t<div class=\"wpb_wrapper\">\n\t\t\t<h2><span style=\"font-weight: 400;\">tray<\/span><span style=\"font-weight: 400;\"> 400g<\/span><\/h2>\n\n\t\t<\/div>\n\t<\/div>\n<div class=\"vc_empty_space\"   style=\"height: 22px\"><span class=\"vc_empty_space_inner\"><\/span><\/div>\n\t<div class=\"wpb_text_column wpb_content_element\" >\n\t\t<div class=\"wpb_wrapper\">\n\t\t\t<p data-start=\"121\" data-end=\"263\">Practical format to share at home. The perfect size to enjoy our Russian salad with the same quality as always.<\/p>\n\n\t\t<\/div>\n\t<\/div>\n<\/div><\/div><\/div><\/div><div class=\"vc_row wpb_row vc_inner vc_row-fluid\"><div class=\"wpb_column vc_column_container vc_col-sm-6\"><div class=\"vc_column-inner\"><div class=\"wpb_wrapper\">\n\t<div  class=\"wpb_single_image wpb_content_element vc_align_left  vc_custom_1773731469125\">\n\t\t\n\t\t<figure class=\"wpb_wrapper vc_figure\">\n\t\t\t<div class=\"vc_single_image-wrapper   vc_box_border_grey\"><img class=\"vc_single_image-img\" src=\"https:\/\/lautentic.es\/wp-content\/uploads\/2026\/03\/ENSAL.-MARISCO-1000g-600x364.png\" width=\"600\" height=\"364\" alt=\"ENSAL. MARISCO 1000g\" title=\"ENSAL. MARISCO 1000g\" \/><\/div>\n\t\t<\/figure>\n\t<\/div>\n<\/div><\/div><\/div><div class=\"wpb_column vc_column_container vc_col-sm-6\"><div class=\"vc_column-inner\"><div class=\"wpb_wrapper\"><div class=\"vc_empty_space\"   style=\"height: 34px\"><span class=\"vc_empty_space_inner\"><\/span><\/div>\n\t<div class=\"wpb_text_column wpb_content_element\" >\n\t\t<div class=\"wpb_wrapper\">\n\t\t\t<h2><span style=\"font-weight: 400;\">tray<\/span><span style=\"font-weight: 400;\"> 1000g<\/span><\/h2>\n\n\t\t<\/div>\n\t<\/div>\n<div class=\"vc_empty_space\"   style=\"height: 22px\"><span class=\"vc_empty_space_inner\"><\/span><\/div>\n\t<div class=\"wpb_text_column wpb_content_element\" >\n\t\t<div class=\"wpb_wrapper\">\n\t\t\t<p data-start=\"265\" data-end=\"401\">The ideal format when there are several of you at the table. More quantity to share without giving up the same great taste and quality as always<\/p>\n\n\t\t<\/div>\n\t<\/div>\n<\/div><\/div><\/div><\/div><div class=\"vc_row wpb_row vc_inner vc_row-fluid\"><div class=\"wpb_column vc_column_container vc_col-sm-6\"><div class=\"vc_column-inner\"><div class=\"wpb_wrapper\">\n\t<div  class=\"wpb_single_image wpb_content_element vc_align_left  vc_custom_1773656271262\">\n\t\t\n\t\t<figure class=\"wpb_wrapper vc_figure\">\n\t\t\t<div class=\"vc_single_image-wrapper   vc_box_border_grey\"><img class=\"vc_single_image-img\" src=\"https:\/\/lautentic.es\/wp-content\/uploads\/2026\/03\/ENSAL.-MARICO-1900g-600x364.png\" width=\"600\" height=\"364\" alt=\"ENSAL. MARICO 1900g\" title=\"ENSAL. MARICO 1900g\" \/><\/div>\n\t\t<\/figure>\n\t<\/div>\n<\/div><\/div><\/div><div class=\"wpb_column vc_column_container vc_col-sm-6\"><div class=\"vc_column-inner\"><div class=\"wpb_wrapper\"><div class=\"vc_empty_space\"   style=\"height: 34px\"><span class=\"vc_empty_space_inner\"><\/span><\/div>\n\t<div class=\"wpb_text_column wpb_content_element\" >\n\t\t<div class=\"wpb_wrapper\">\n\t\t\t<h2><span style=\"font-weight: 400;\">tray<\/span><span style=\"font-weight: 400;\"> 1900g<\/span><\/h2>\n\n\t\t<\/div>\n\t<\/div>\n<div class=\"vc_empty_space\"   style=\"height: 22px\"><span class=\"vc_empty_space_inner\"><\/span><\/div>\n\t<div class=\"wpb_text_column wpb_content_element\" >\n\t\t<div class=\"wpb_wrapper\">\n\t\t\t<p>Perfect for the hospitality sector or home use. More quantity, same great quality.<\/p>\n\n\t\t<\/div>\n\t<\/div>\n<\/div><\/div><\/div><\/div><\/div><\/div><\/div><\/div><\/div><div data-vc-full-width=\"true\" data-vc-full-width-init=\"false\" data-vc-stretch-content=\"true\" class=\"vc_row wpb_row vc_row-fluid vc_row-no-padding\"><div class=\"wpb_column vc_column_container vc_col-sm-12\"><div class=\"vc_column-inner\"><div class=\"wpb_wrapper\"><div class=\"vc_empty_space\"   style=\"height: 32px\"><span class=\"vc_empty_space_inner\"><\/span><\/div>\n\t<div  class=\"wpb_single_image wpb_content_element vc_align_left\">\n\t\t\n\t\t<figure class=\"wpb_wrapper vc_figure\">\n\t\t\t<div class=\"vc_single_image-wrapper   vc_box_border_grey\"><img width=\"1905\" height=\"952\" src=\"https:\/\/lautentic.es\/wp-content\/uploads\/2023\/06\/la.FOOTER_2.1905x952px.jpg\" class=\"vc_single_image-img attachment-full\" alt=\"\" decoding=\"async\" loading=\"lazy\" srcset=\"https:\/\/lautentic.es\/wp-content\/uploads\/2023\/06\/la.FOOTER_2.1905x952px.jpg 1905w, https:\/\/lautentic.es\/wp-content\/uploads\/2023\/06\/la.FOOTER_2.1905x952px-300x150.jpg 300w, https:\/\/lautentic.es\/wp-content\/uploads\/2023\/06\/la.FOOTER_2.1905x952px-1024x512.jpg 1024w, https:\/\/lautentic.es\/wp-content\/uploads\/2023\/06\/la.FOOTER_2.1905x952px-768x384.jpg 768w, https:\/\/lautentic.es\/wp-content\/uploads\/2023\/06\/la.FOOTER_2.1905x952px-1536x768.jpg 1536w, https:\/\/lautentic.es\/wp-content\/uploads\/2023\/06\/la.FOOTER_2.1905x952px-600x300.jpg 600w\" sizes=\"(max-width: 1905px) 100vw, 1905px\" \/><\/div>\n\t\t<\/figure>\n\t<\/div>\n<\/div><\/div><\/div><\/div><div class=\"vc_row-full-width vc_clearfix\"><\/div>","protected":false},"excerpt":{"rendered":"Sabor a tradici\u00f3n Ensaladilla de marisco Nuestra ensaladilla de marisco es una exquisita combinaci\u00f3n de los mejores productos del mar, preparada con mimo seg\u00fan receta tradicional. Cada porci\u00f3n refleja nuestro compromiso con la calidad y el sabor aut\u00e9ntico. Bandeja de 250g Este formato es perfecto para consumir en el hogar. La bandeja no ocupa espacio<div class=\"klb-readmore\"><a href=\"https:\/\/lautentic.es\/en\/ensaladilla-de-marisco\/\" class=\"btn\">READ MORE<\/a><\/div>","protected":false},"author":1,"featured_media":0,"parent":0,"menu_order":0,"comment_status":"closed","ping_status":"closed","template":"","meta":{"om_disable_all_campaigns":false,"_monsterinsights_skip_tracking":false,"_monsterinsights_sitenote_active":false,"_monsterinsights_sitenote_note":"","_monsterinsights_sitenote_category":0},"aioseo_notices":[],"_links":{"self":[{"href":"https:\/\/lautentic.es\/en\/wp-json\/wp\/v2\/pages\/2160"}],"collection":[{"href":"https:\/\/lautentic.es\/en\/wp-json\/wp\/v2\/pages"}],"about":[{"href":"https:\/\/lautentic.es\/en\/wp-json\/wp\/v2\/types\/page"}],"author":[{"embeddable":true,"href":"https:\/\/lautentic.es\/en\/wp-json\/wp\/v2\/users\/1"}],"replies":[{"embeddable":true,"href":"https:\/\/lautentic.es\/en\/wp-json\/wp\/v2\/comments?post=2160"}],"version-history":[{"count":6,"href":"https:\/\/lautentic.es\/en\/wp-json\/wp\/v2\/pages\/2160\/revisions"}],"predecessor-version":[{"id":2204,"href":"https:\/\/lautentic.es\/en\/wp-json\/wp\/v2\/pages\/2160\/revisions\/2204"}],"wp:attachment":[{"href":"https:\/\/lautentic.es\/en\/wp-json\/wp\/v2\/media?parent=2160"}],"curies":[{"name":"wp","href":"https:\/\/api.w.org\/{rel}","templated":true}]}}