{"id":1235,"date":"2023-05-03T07:09:03","date_gmt":"2023-05-03T07:09:03","guid":{"rendered":"https:\/?page_id=1235"},"modified":"2025-04-02T09:43:09","modified_gmt":"2025-04-02T09:43:09","slug":"salsa-brava-mediterranea","status":"publish","type":"page","link":"https:\/\/lautentic.es\/en\/salsa-brava-mediterranea\/","title":{"rendered":"Mediterranean bravas sauce"},"content":{"rendered":"<div data-vc-full-width=\"true\" data-vc-full-width-init=\"false\" data-vc-stretch-content=\"true\" class=\"vc_row wpb_row vc_row-fluid vc_row-no-padding\"><div class=\"wpb_column vc_column_container vc_col-sm-12 vc_hidden-md vc_hidden-sm vc_hidden-xs\"><div class=\"vc_column-inner\"><div class=\"wpb_wrapper\">\n\t<div  class=\"wpb_single_image wpb_content_element vc_align_left\">\n\t\t\n\t\t<figure class=\"wpb_wrapper vc_figure\">\n\t\t\t<div class=\"vc_single_image-wrapper   vc_box_border_grey\"><img class=\"vc_single_image-img\" src=\"https:\/\/lautentic.es\/wp-content\/uploads\/2025\/03\/26.jpg\" width=\"1905\" height=\"800\" alt=\"26\" title=\"26\" \/><\/div>\n\t\t<\/figure>\n\t<\/div>\n<\/div><\/div><\/div><\/div><div class=\"vc_row-full-width vc_clearfix\"><\/div><div data-vc-full-width=\"true\" data-vc-full-width-init=\"false\" data-vc-stretch-content=\"true\" class=\"vc_row wpb_row vc_row-fluid vc_row-no-padding\"><div class=\"wpb_column vc_column_container vc_col-sm-12 vc_hidden-lg\"><div class=\"vc_column-inner\"><div class=\"wpb_wrapper\"><div class=\"vc_empty_space\"   style=\"height: 64px\"><span class=\"vc_empty_space_inner\"><\/span><\/div>\n\t<div  class=\"wpb_single_image wpb_content_element vc_align_left\">\n\t\t\n\t\t<figure class=\"wpb_wrapper vc_figure\">\n\t\t\t<div class=\"vc_single_image-wrapper   vc_box_border_grey\"><img class=\"vc_single_image-img\" src=\"https:\/\/lautentic.es\/wp-content\/uploads\/2025\/03\/26-1905x700.jpg\" width=\"1905\" height=\"700\" alt=\"26\" title=\"26\" \/><\/div>\n\t\t<\/figure>\n\t<\/div>\n<\/div><\/div><\/div><\/div><div class=\"vc_row-full-width vc_clearfix\"><\/div><div class=\"container\"><div class=\"vc_row wpb_row vc_row-fluid\"><div class=\"wpb_column vc_column_container vc_col-sm-12\"><div class=\"vc_column-inner\"><div class=\"wpb_wrapper\"><div class=\"vc_empty_space\"   style=\"height: 75px\"><span class=\"vc_empty_space_inner\"><\/span><\/div><div style=\"font-size: 100px;color: #fed428;line-height: 1;text-align: center;font-family:script;font-weight:400;font-style:normal\" class=\"vc_custom_heading\" >Taste of tradition<\/div><div class=\"vc_empty_space\"   style=\"height: 75px\"><span class=\"vc_empty_space_inner\"><\/span><\/div>\n\t<div class=\"wpb_text_column wpb_content_element\" >\n\t\t<div class=\"wpb_wrapper\">\n\t\t\t<h1 style=\"text-align: center;\">Mediterranean bravas sauce<\/h1>\n\n\t\t<\/div>\n\t<\/div>\n<div class=\"vc_empty_space\"   style=\"height: 32px\"><span class=\"vc_empty_space_inner\"><\/span><\/div>\n\t<div class=\"wpb_text_column wpb_content_element\" >\n\t\t<div class=\"wpb_wrapper\">\n\t\t\t<p style=\"text-align: center;\"><span style=\"font-weight: 400;\">This package is perfect for restaurants and bars. This larger size has<br \/>\nall the same quality and guarantee. Mediterranean recipe.<\/span><br \/>\nIts delicious mild flavour makes it perfect for adding a bit of<br \/>\nflair to potatoes or meats.<\/p>\n\n\t\t<\/div>\n\t<\/div>\n<div class=\"vc_empty_space\"   style=\"height: 64px\"><span class=\"vc_empty_space_inner\"><\/span><\/div><\/div><\/div><\/div><\/div><\/div><div class=\"container\"><div class=\"vc_row wpb_row vc_row-fluid\"><div class=\"wpb_column vc_column_container vc_col-sm-12\"><div class=\"vc_column-inner\"><div class=\"wpb_wrapper\"><div class=\"vc_row wpb_row vc_inner vc_row-fluid\"><div class=\"wpb_column vc_column_container vc_col-sm-6\"><div class=\"vc_column-inner\"><div class=\"wpb_wrapper\">\n\t<div  class=\"wpb_single_image wpb_content_element vc_align_left\">\n\t\t\n\t\t<figure class=\"wpb_wrapper vc_figure\">\n\t\t\t<div class=\"vc_single_image-wrapper   vc_box_border_grey\"><img class=\"vc_single_image-img\" src=\"https:\/\/lautentic.es\/wp-content\/uploads\/2024\/12\/tpm.SALSAS_SALSA-BRAVA-MEDITERRANEA_130g.600x364px.png\" width=\"600\" height=\"364\" alt=\"tpm.SALSAS_SALSA BRAVA MEDITERRA\u0301NEA_130g.600x364px\" title=\"tpm.SALSAS_SALSA BRAVA MEDITERRA\u0301NEA_130g.600x364px\" \/><\/div>\n\t\t<\/figure>\n\t<\/div>\n<\/div><\/div><\/div><div class=\"wpb_column vc_column_container vc_col-sm-6\"><div class=\"vc_column-inner\"><div class=\"wpb_wrapper\"><div class=\"vc_empty_space\"   style=\"height: 34px\"><span class=\"vc_empty_space_inner\"><\/span><\/div>\n\t<div class=\"wpb_text_column wpb_content_element\" >\n\t\t<div class=\"wpb_wrapper\">\n\t\t\t<h2><span style=\"font-weight: 400;\">130g tub<\/span><\/h2>\n\n\t\t<\/div>\n\t<\/div>\n<div class=\"vc_empty_space\"   style=\"height: 22px\"><span class=\"vc_empty_space_inner\"><\/span><\/div>\n\t<div class=\"wpb_text_column wpb_content_element\" >\n\t\t<div class=\"wpb_wrapper\">\n\t\t\t<p><span style=\"font-weight: 400;\">This size is perfect for home use, convenient and manageable. It showcases the quality of the produce, with the characteristic smoothness and creaminess.<\/span><\/p>\n\n\t\t<\/div>\n\t<\/div>\n<\/div><\/div><\/div><\/div><div class=\"vc_row wpb_row vc_inner vc_row-fluid\"><div class=\"wpb_column vc_column_container vc_col-sm-6\"><div class=\"vc_column-inner\"><div class=\"wpb_wrapper\">\n\t<div  class=\"wpb_single_image wpb_content_element vc_align_left\">\n\t\t\n\t\t<figure class=\"wpb_wrapper vc_figure\">\n\t\t\t<div class=\"vc_single_image-wrapper   vc_box_border_grey\"><img class=\"vc_single_image-img\" src=\"https:\/\/lautentic.es\/wp-content\/uploads\/2024\/12\/tpm.SALSAS_SALSA-BRAVA-MEDITERRANEA_1500g.600x364px.png\" width=\"600\" height=\"364\" alt=\"tpm.SALSAS_SALSA BRAVA MEDITERRA\u0301NEA_1500g.600x364px\" title=\"tpm.SALSAS_SALSA BRAVA MEDITERRA\u0301NEA_1500g.600x364px\" \/><\/div>\n\t\t<\/figure>\n\t<\/div>\n<\/div><\/div><\/div><div class=\"wpb_column vc_column_container vc_col-sm-6\"><div class=\"vc_column-inner\"><div class=\"wpb_wrapper\"><div class=\"vc_empty_space\"   style=\"height: 34px\"><span class=\"vc_empty_space_inner\"><\/span><\/div>\n\t<div class=\"wpb_text_column wpb_content_element\" >\n\t\t<div class=\"wpb_wrapper\">\n\t\t\t<h2><span style=\"font-weight: 400;\">1500g tub<\/span><\/h2>\n\n\t\t<\/div>\n\t<\/div>\n<div class=\"vc_empty_space\"   style=\"height: 22px\"><span class=\"vc_empty_space_inner\"><\/span><\/div>\n\t<div class=\"wpb_text_column wpb_content_element\" >\n\t\t<div class=\"wpb_wrapper\">\n\t\t\t<p><span style=\"font-weight: 400;\">This package is designed for restaurants and bars. More quantity, same great quality and guarantee. <\/span><\/p>\n\n\t\t<\/div>\n\t<\/div>\n<\/div><\/div><\/div><\/div><\/div><\/div><\/div><\/div><\/div><div data-vc-full-width=\"true\" data-vc-full-width-init=\"false\" data-vc-stretch-content=\"true\" class=\"vc_row wpb_row vc_row-fluid vc_row-no-padding\"><div class=\"wpb_column vc_column_container vc_col-sm-12\"><div class=\"vc_column-inner\"><div class=\"wpb_wrapper\"><div class=\"vc_empty_space\"   style=\"height: 32px\"><span class=\"vc_empty_space_inner\"><\/span><\/div>\n\t<div  class=\"wpb_single_image wpb_content_element vc_align_left\">\n\t\t\n\t\t<figure class=\"wpb_wrapper vc_figure\">\n\t\t\t<div class=\"vc_single_image-wrapper   vc_box_border_grey\"><img width=\"1905\" height=\"952\" src=\"https:\/\/lautentic.es\/wp-content\/uploads\/2023\/06\/la.FOOTER_2.1905x952px.jpg\" class=\"vc_single_image-img attachment-full\" alt=\"\" decoding=\"async\" loading=\"lazy\" srcset=\"https:\/\/lautentic.es\/wp-content\/uploads\/2023\/06\/la.FOOTER_2.1905x952px.jpg 1905w, https:\/\/lautentic.es\/wp-content\/uploads\/2023\/06\/la.FOOTER_2.1905x952px-300x150.jpg 300w, https:\/\/lautentic.es\/wp-content\/uploads\/2023\/06\/la.FOOTER_2.1905x952px-1024x512.jpg 1024w, https:\/\/lautentic.es\/wp-content\/uploads\/2023\/06\/la.FOOTER_2.1905x952px-768x384.jpg 768w, https:\/\/lautentic.es\/wp-content\/uploads\/2023\/06\/la.FOOTER_2.1905x952px-1536x768.jpg 1536w, https:\/\/lautentic.es\/wp-content\/uploads\/2023\/06\/la.FOOTER_2.1905x952px-600x300.jpg 600w\" sizes=\"(max-width: 1905px) 100vw, 1905px\" \/><\/div>\n\t\t<\/figure>\n\t<\/div>\n<\/div><\/div><\/div><\/div><div class=\"vc_row-full-width vc_clearfix\"><\/div>","protected":false},"excerpt":{"rendered":"Sabor a tradici\u00f3n Salsa Brava Mediterr\u00e1nea Nuestra versi\u00f3n de la Salsa Brava con m\u00e1s suavidad, cremosidad y menos picante, recuerda a la receta t\u00edpica del mediterr\u00e1neo. Combinando su sabor con la suavidad que la caracteriza es ideal para darle un toque a las patatas o carnes. Bote de 130g Este formato es ideal para el<div class=\"klb-readmore\"><a href=\"https:\/\/lautentic.es\/en\/salsa-brava-mediterranea\/\" class=\"btn\">READ MORE<\/a><\/div>","protected":false},"author":1,"featured_media":0,"parent":0,"menu_order":0,"comment_status":"closed","ping_status":"closed","template":"","meta":{"om_disable_all_campaigns":false,"_monsterinsights_skip_tracking":false,"_monsterinsights_sitenote_active":false,"_monsterinsights_sitenote_note":"","_monsterinsights_sitenote_category":0},"aioseo_notices":[],"_links":{"self":[{"href":"https:\/\/lautentic.es\/en\/wp-json\/wp\/v2\/pages\/1235"}],"collection":[{"href":"https:\/\/lautentic.es\/en\/wp-json\/wp\/v2\/pages"}],"about":[{"href":"https:\/\/lautentic.es\/en\/wp-json\/wp\/v2\/types\/page"}],"author":[{"embeddable":true,"href":"https:\/\/lautentic.es\/en\/wp-json\/wp\/v2\/users\/1"}],"replies":[{"embeddable":true,"href":"https:\/\/lautentic.es\/en\/wp-json\/wp\/v2\/comments?post=1235"}],"version-history":[{"count":12,"href":"https:\/\/lautentic.es\/en\/wp-json\/wp\/v2\/pages\/1235\/revisions"}],"predecessor-version":[{"id":2071,"href":"https:\/\/lautentic.es\/en\/wp-json\/wp\/v2\/pages\/1235\/revisions\/2071"}],"wp:attachment":[{"href":"https:\/\/lautentic.es\/en\/wp-json\/wp\/v2\/media?parent=1235"}],"curies":[{"name":"wp","href":"https:\/\/api.w.org\/{rel}","templated":true}]}}