{"id":1191,"date":"2023-05-02T11:59:58","date_gmt":"2023-05-02T11:59:58","guid":{"rendered":"https:\/?page_id=1191"},"modified":"2025-04-02T09:50:52","modified_gmt":"2025-04-02T09:50:52","slug":"esgarraet","status":"publish","type":"page","link":"https:\/\/lautentic.es\/en\/esgarraet\/","title":{"rendered":"Esgarraet"},"content":{"rendered":"<div data-vc-full-width=\"true\" data-vc-full-width-init=\"false\" data-vc-stretch-content=\"true\" class=\"vc_row wpb_row vc_row-fluid vc_row-no-padding\"><div class=\"wpb_column vc_column_container vc_col-sm-12 vc_hidden-md vc_hidden-sm vc_hidden-xs\"><div class=\"vc_column-inner\"><div class=\"wpb_wrapper\">\n\t<div  class=\"wpb_single_image wpb_content_element vc_align_left\">\n\t\t\n\t\t<figure class=\"wpb_wrapper vc_figure\">\n\t\t\t<div class=\"vc_single_image-wrapper   vc_box_border_grey\"><img class=\"vc_single_image-img\" src=\"https:\/\/lautentic.es\/wp-content\/uploads\/2024\/12\/tpm.PLATOS-TRADICIONALES_FOTO-PRINCIPAL-ENSALADA-DE-BACALAO-AJOARRIERO.1905x800px-2-2.jpg\" width=\"1905\" height=\"800\" alt=\"tpm.PLATOS TRADICIONALES_FOTO PRINCIPAL ENSALADA DE BACALAO AJOARRIERO.1905x800px 2 (2)\" title=\"tpm.PLATOS TRADICIONALES_FOTO PRINCIPAL ENSALADA DE BACALAO AJOARRIERO.1905x800px 2 (2)\" \/><\/div>\n\t\t<\/figure>\n\t<\/div>\n<\/div><\/div><\/div><\/div><div class=\"vc_row-full-width vc_clearfix\"><\/div><div data-vc-full-width=\"true\" data-vc-full-width-init=\"false\" data-vc-stretch-content=\"true\" class=\"vc_row wpb_row vc_row-fluid vc_row-no-padding\"><div class=\"wpb_column vc_column_container vc_col-sm-12 vc_hidden-lg\"><div class=\"vc_column-inner\"><div class=\"wpb_wrapper\"><div class=\"vc_empty_space\"   style=\"height: 64px\"><span class=\"vc_empty_space_inner\"><\/span><\/div>\n\t<div  class=\"wpb_single_image wpb_content_element vc_align_left\">\n\t\t\n\t\t<figure class=\"wpb_wrapper vc_figure\">\n\t\t\t<div class=\"vc_single_image-wrapper   vc_box_border_grey\"><img class=\"vc_single_image-img\" src=\"https:\/\/lautentic.es\/wp-content\/uploads\/2024\/12\/tpm.PLATOS-TRADICIONALES_ESCALIVADA.250g.600x364px-1536x700.jpg\" width=\"1536\" height=\"700\" alt=\"tpm.PLATOS TRADICIONALES_ESCALIVADA.250g.600x364px\" title=\"tpm.PLATOS TRADICIONALES_ESCALIVADA.250g.600x364px\" \/><\/div>\n\t\t<\/figure>\n\t<\/div>\n<\/div><\/div><\/div><\/div><div class=\"vc_row-full-width vc_clearfix\"><\/div><div class=\"container\"><div class=\"vc_row wpb_row vc_row-fluid\"><div class=\"wpb_column vc_column_container vc_col-sm-12\"><div class=\"vc_column-inner\"><div class=\"wpb_wrapper\"><div class=\"vc_empty_space\"   style=\"height: 75px\"><span class=\"vc_empty_space_inner\"><\/span><\/div><div style=\"font-size: 100px;color: #fed428;line-height: 1;text-align: center;font-family:script;font-weight:400;font-style:normal\" class=\"vc_custom_heading\" >Taste of tradition<\/div><div class=\"vc_empty_space\"   style=\"height: 75px\"><span class=\"vc_empty_space_inner\"><\/span><\/div>\n\t<div class=\"wpb_text_column wpb_content_element\" >\n\t\t<div class=\"wpb_wrapper\">\n\t\t\t<h1 style=\"text-align: center;\">\u00a0Cod and roasted-pepper salad (Esgarraet)<\/h1>\n\n\t\t<\/div>\n\t<\/div>\n<div class=\"vc_empty_space\"   style=\"height: 32px\"><span class=\"vc_empty_space_inner\"><\/span><\/div>\n\t<div class=\"wpb_text_column wpb_content_element\" >\n\t\t<div class=\"wpb_wrapper\">\n\t\t\t<p style=\"text-align: center;\"><span style=\"font-weight: 400;\">Our cod and roasted-pepper salad stands out for its flavour.<br \/>\nMade with natural roasted peppers and cod.<br \/>\nThe perfect combination with a touch of intensity to liven up the palate.<br \/>\nIt\u2019s versatile enough to be perfect as a side or a<br \/>\nmain dish. <\/span><\/p>\n\n\t\t<\/div>\n\t<\/div>\n<div class=\"vc_empty_space\"   style=\"height: 64px\"><span class=\"vc_empty_space_inner\"><\/span><\/div><\/div><\/div><\/div><\/div><\/div><div class=\"container\"><div class=\"vc_row wpb_row vc_row-fluid\"><div class=\"wpb_column vc_column_container vc_col-sm-12\"><div class=\"vc_column-inner\"><div class=\"wpb_wrapper\"><div class=\"vc_row wpb_row vc_inner vc_row-fluid\"><div class=\"wpb_column vc_column_container vc_col-sm-6\"><div class=\"vc_column-inner\"><div class=\"wpb_wrapper\">\n\t<div  class=\"wpb_single_image wpb_content_element vc_align_left  vc_custom_1741855022089\">\n\t\t\n\t\t<figure class=\"wpb_wrapper vc_figure\">\n\t\t\t<div class=\"vc_single_image-wrapper   vc_box_border_grey\"><img class=\"vc_single_image-img\" src=\"https:\/\/lautentic.es\/wp-content\/uploads\/2025\/03\/Esgarraet-250g-3-600x364.png\" width=\"600\" height=\"364\" alt=\"Esgarraet 250g 3\" title=\"Esgarraet 250g 3\" \/><\/div>\n\t\t<\/figure>\n\t<\/div>\n<\/div><\/div><\/div><div class=\"wpb_column vc_column_container vc_col-sm-6\"><div class=\"vc_column-inner\"><div class=\"wpb_wrapper\"><div class=\"vc_empty_space\"   style=\"height: 34px\"><span class=\"vc_empty_space_inner\"><\/span><\/div>\n\t<div class=\"wpb_text_column wpb_content_element\" >\n\t\t<div class=\"wpb_wrapper\">\n\t\t\t<h2><span style=\"font-weight: 400;\">tray 250g<\/span><\/h2>\n\n\t\t<\/div>\n\t<\/div>\n<div class=\"vc_empty_space\"   style=\"height: 22px\"><span class=\"vc_empty_space_inner\"><\/span><\/div>\n\t<div class=\"wpb_text_column wpb_content_element\" >\n\t\t<div class=\"wpb_wrapper\">\n\t\t\t<p><span style=\"font-weight: 400;\">This flat package makes the product easy to store in the fridge. The packaging locks in all the flavour and quality of this traditional dish.<\/span><\/p>\n\n\t\t<\/div>\n\t<\/div>\n<\/div><\/div><\/div><\/div><div class=\"vc_empty_space\"   style=\"height: 64px\"><span class=\"vc_empty_space_inner\"><\/span><\/div><div class=\"vc_row wpb_row vc_inner vc_row-fluid\"><div class=\"wpb_column vc_column_container vc_col-sm-6\"><div class=\"vc_column-inner\"><div class=\"wpb_wrapper\">\n\t<div  class=\"wpb_single_image wpb_content_element vc_align_left\">\n\t\t\n\t\t<figure class=\"wpb_wrapper vc_figure\">\n\t\t\t<div class=\"vc_single_image-wrapper   vc_box_border_grey\"><img class=\"vc_single_image-img\" src=\"https:\/\/lautentic.es\/wp-content\/uploads\/2024\/12\/tpm.PLATOS-TRADICIONALES_ENSALADA-BACALAO-1000g.600x364px.png\" width=\"600\" height=\"364\" alt=\"tpm.PLATOS TRADICIONALES_ENSALADA BACALAO 1000g.600x364px\" title=\"tpm.PLATOS TRADICIONALES_ENSALADA BACALAO 1000g.600x364px\" \/><\/div>\n\t\t<\/figure>\n\t<\/div>\n<\/div><\/div><\/div><div class=\"wpb_column vc_column_container vc_col-sm-6\"><div class=\"vc_column-inner\"><div class=\"wpb_wrapper\"><div class=\"vc_empty_space\"   style=\"height: 34px\"><span class=\"vc_empty_space_inner\"><\/span><\/div>\n\t<div class=\"wpb_text_column wpb_content_element\" >\n\t\t<div class=\"wpb_wrapper\">\n\t\t\t<h2><span style=\"font-weight: 400;\">tray<\/span><span style=\"font-weight: 400;\"> 1000g<\/span><\/h2>\n\n\t\t<\/div>\n\t<\/div>\n<div class=\"vc_empty_space\"   style=\"height: 22px\"><span class=\"vc_empty_space_inner\"><\/span><\/div>\n\t<div class=\"wpb_text_column wpb_content_element\" >\n\t\t<div class=\"wpb_wrapper\">\n\t\t\t<p><span style=\"font-weight: 400;\">Our esgarraet in a larger size. This size is perfect for the hospitality sector and large group meals. It showcases all the characteristics and quality of the produce, plus it\u2019s easy to store.<\/span><\/p>\n\n\t\t<\/div>\n\t<\/div>\n<\/div><\/div><\/div><\/div><\/div><\/div><\/div><\/div><\/div><div data-vc-full-width=\"true\" data-vc-full-width-init=\"false\" data-vc-stretch-content=\"true\" class=\"vc_row wpb_row vc_row-fluid vc_row-no-padding\"><div class=\"wpb_column vc_column_container vc_col-sm-12\"><div class=\"vc_column-inner\"><div class=\"wpb_wrapper\"><div class=\"vc_empty_space\"   style=\"height: 32px\"><span class=\"vc_empty_space_inner\"><\/span><\/div>\n\t<div  class=\"wpb_single_image wpb_content_element vc_align_left\">\n\t\t\n\t\t<figure class=\"wpb_wrapper vc_figure\">\n\t\t\t<div class=\"vc_single_image-wrapper   vc_box_border_grey\"><img width=\"1905\" height=\"952\" src=\"https:\/\/lautentic.es\/wp-content\/uploads\/2023\/06\/la.FOOTER_2.1905x952px.jpg\" class=\"vc_single_image-img attachment-full\" alt=\"\" decoding=\"async\" loading=\"lazy\" srcset=\"https:\/\/lautentic.es\/wp-content\/uploads\/2023\/06\/la.FOOTER_2.1905x952px.jpg 1905w, https:\/\/lautentic.es\/wp-content\/uploads\/2023\/06\/la.FOOTER_2.1905x952px-300x150.jpg 300w, https:\/\/lautentic.es\/wp-content\/uploads\/2023\/06\/la.FOOTER_2.1905x952px-1024x512.jpg 1024w, https:\/\/lautentic.es\/wp-content\/uploads\/2023\/06\/la.FOOTER_2.1905x952px-768x384.jpg 768w, https:\/\/lautentic.es\/wp-content\/uploads\/2023\/06\/la.FOOTER_2.1905x952px-1536x768.jpg 1536w, https:\/\/lautentic.es\/wp-content\/uploads\/2023\/06\/la.FOOTER_2.1905x952px-600x300.jpg 600w\" sizes=\"(max-width: 1905px) 100vw, 1905px\" \/><\/div>\n\t\t<\/figure>\n\t<\/div>\n<\/div><\/div><\/div><\/div><div class=\"vc_row-full-width vc_clearfix\"><\/div>","protected":false},"excerpt":{"rendered":"Sabor a tradici\u00f3n \u00a0Ensalada de bacalao y pimientos asados (Esgarraet) Nuestra ensalada de bacalao y pimientos destaca por su sabor. Se elabora a partir de pimientos naturales asados y bacalao. La combinaci\u00f3n perfecta con un toque de intensidad para el paladar. Su versatilidad la hace perfecta para usarla como guarnici\u00f3n o como plato \u00fanico. Bandeja<div class=\"klb-readmore\"><a href=\"https:\/\/lautentic.es\/en\/esgarraet\/\" class=\"btn\">READ MORE<\/a><\/div>","protected":false},"author":1,"featured_media":0,"parent":0,"menu_order":0,"comment_status":"closed","ping_status":"closed","template":"","meta":{"om_disable_all_campaigns":false,"_monsterinsights_skip_tracking":false,"_monsterinsights_sitenote_active":false,"_monsterinsights_sitenote_note":"","_monsterinsights_sitenote_category":0},"aioseo_notices":[],"_links":{"self":[{"href":"https:\/\/lautentic.es\/en\/wp-json\/wp\/v2\/pages\/1191"}],"collection":[{"href":"https:\/\/lautentic.es\/en\/wp-json\/wp\/v2\/pages"}],"about":[{"href":"https:\/\/lautentic.es\/en\/wp-json\/wp\/v2\/types\/page"}],"author":[{"embeddable":true,"href":"https:\/\/lautentic.es\/en\/wp-json\/wp\/v2\/users\/1"}],"replies":[{"embeddable":true,"href":"https:\/\/lautentic.es\/en\/wp-json\/wp\/v2\/comments?post=1191"}],"version-history":[{"count":22,"href":"https:\/\/lautentic.es\/en\/wp-json\/wp\/v2\/pages\/1191\/revisions"}],"predecessor-version":[{"id":2036,"href":"https:\/\/lautentic.es\/en\/wp-json\/wp\/v2\/pages\/1191\/revisions\/2036"}],"wp:attachment":[{"href":"https:\/\/lautentic.es\/en\/wp-json\/wp\/v2\/media?parent=1191"}],"curies":[{"name":"wp","href":"https:\/\/api.w.org\/{rel}","templated":true}]}}