{"id":117,"date":"2018-12-24T08:01:53","date_gmt":"2018-12-24T08:01:53","guid":{"rendered":"http:\/\/klbtheme.com\/qualis\/?post_type=product&#038;p=117"},"modified":"2022-06-27T07:51:06","modified_gmt":"2022-06-27T07:51:06","slug":"salsa-brava-mediterranea","status":"publish","type":"product","link":"https:\/\/lautentic.es\/de\/tienda\/salsa-brava-mediterranea\/","title":{"rendered":"Mediterrane Brava-Sauce"},"content":{"rendered":"<p><strong>Zutaten:<\/strong><\/p>\n<ul>\n<li>Aceite vegetal<\/li>\n<li>Cebolla<\/li>\n<li>Caldo casero<\/li>\n<li>Huevo pasteurizado<\/li>\n<li>Ajo<\/li>\n<li>Lim\u00f3n<\/li>\n<li>Espesante<\/li>\n<li>Sal<\/li>\n<li>Piment\u00f3n picante<\/li>\n<li>Piment\u00f3n dulce<\/li>\n<li>Conservante natural<\/li>\n<li>Pimienta blanca<\/li>\n<li>Sorbato pot\u00e1sico<\/li>\n<\/ul>","protected":false},"excerpt":{"rendered":"<p>Salsa brava suave, menos picante, m\u00e1s cremosa, realizada con receta t\u00edpica del litoral Mediterr\u00e1neo.<\/p>","protected":false},"featured_media":784,"comment_status":"closed","ping_status":"closed","template":"","meta":{"om_disable_all_campaigns":false,"_monsterinsights_skip_tracking":false,"_monsterinsights_sitenote_active":false,"_monsterinsights_sitenote_note":"","_monsterinsights_sitenote_category":0},"product_cat":[35,114],"product_tag":[],"aioseo_notices":[],"_links":{"self":[{"href":"https:\/\/lautentic.es\/de\/wp-json\/wp\/v2\/product\/117"}],"collection":[{"href":"https:\/\/lautentic.es\/de\/wp-json\/wp\/v2\/product"}],"about":[{"href":"https:\/\/lautentic.es\/de\/wp-json\/wp\/v2\/types\/product"}],"replies":[{"embeddable":true,"href":"https:\/\/lautentic.es\/de\/wp-json\/wp\/v2\/comments?post=117"}],"wp:featuredmedia":[{"embeddable":true,"href":"https:\/\/lautentic.es\/de\/wp-json\/wp\/v2\/media\/784"}],"wp:attachment":[{"href":"https:\/\/lautentic.es\/de\/wp-json\/wp\/v2\/media?parent=117"}],"wp:term":[{"taxonomy":"product_cat","embeddable":true,"href":"https:\/\/lautentic.es\/de\/wp-json\/wp\/v2\/product_cat?post=117"},{"taxonomy":"product_tag","embeddable":true,"href":"https:\/\/lautentic.es\/de\/wp-json\/wp\/v2\/product_tag?post=117"}],"curies":[{"name":"wp","href":"https:\/\/api.w.org\/{rel}","templated":true}]}}