{"id":3,"date":"2020-08-04T08:36:25","date_gmt":"2020-08-04T08:36:25","guid":{"rendered":"https:\/\/lautentic.es\/?page_id=3"},"modified":"2024-12-10T11:49:17","modified_gmt":"2024-12-10T11:49:17","slug":"politica-privacidad-y-cookies","status":"publish","type":"page","link":"https:\/\/lautentic.es\/de\/politica-privacidad-y-cookies\/","title":{"rendered":"Datenschutz und Cookie-Politik"},"content":{"rendered":"<figure class=\"wp-block-image alignfull size-large\"><img decoding=\"async\" loading=\"lazy\" width=\"1024\" height=\"552\" src=\"https:\/\/lautentic.es\/wp-content\/uploads\/2024\/12\/tpm.CONTACTO.10487x5646px-1024x552.jpg\" alt=\"\" class=\"wp-image-1780\" srcset=\"https:\/\/lautentic.es\/wp-content\/uploads\/2024\/12\/tpm.CONTACTO.10487x5646px-1024x552.jpg 1024w, https:\/\/lautentic.es\/wp-content\/uploads\/2024\/12\/tpm.CONTACTO.10487x5646px-300x162.jpg 300w, https:\/\/lautentic.es\/wp-content\/uploads\/2024\/12\/tpm.CONTACTO.10487x5646px-768x414.jpg 768w, https:\/\/lautentic.es\/wp-content\/uploads\/2024\/12\/tpm.CONTACTO.10487x5646px-1536x828.jpg 1536w, https:\/\/lautentic.es\/wp-content\/uploads\/2024\/12\/tpm.CONTACTO.10487x5646px-2048x1104.jpg 2048w, https:\/\/lautentic.es\/wp-content\/uploads\/2024\/12\/tpm.CONTACTO.10487x5646px-18x10.jpg 18w, https:\/\/lautentic.es\/wp-content\/uploads\/2024\/12\/tpm.CONTACTO.10487x5646px-600x324.jpg 600w\" sizes=\"(max-width: 1024px) 100vw, 1024px\" \/><\/figure>\n\n\n\n<p><strong>Datenschutz und Cookie-Politik<\/strong><\/p>\n\n\n\n<p>Die Einhaltung der geltenden Rechtsvorschriften, <strong>AUSSCH\u00dcTTUNGEN UND EXKLUSIVIT\u00c4TEN<\/strong> <strong>TONI PACO Y MANOLI S.L.<\/strong> (im Folgenden auch lautentic.net) verpflichtet sich, die notwendigen technischen und organisatorischen Ma\u00dfnahmen zu treffen, die dem Risiko der erhobenen Daten angemessen sind.<\/p>\n\n\n\n<p><strong><br>Gesetze, die in diese Datenschutzrichtlinie aufgenommen wurden<\/strong><\/p>\n\n\n\n<p>Diese Datenschutzpolitik ist an die aktuelle spanische und europ\u00e4ische Gesetzgebung zum Schutz pers\u00f6nlicher Daten im Internet angepasst. Sie beachtet insbesondere die folgenden Regeln:<\/p>\n\n\n\n<ul>\n<li>Verordnung (EU) 2016\/679 des Europ\u00e4ischen Parlaments und des Rates vom 27. April 2016 zum Schutz nat\u00fcrlicher Personen bei der Verarbeitung personenbezogener Daten und zum freien Datenverkehr (GDPR).<\/li>\n\n\n\n<li>Organgesetz 15\/1999 vom 13. Dezember \u00fcber den Schutz personenbezogener Daten (LOPD).<\/li>\n\n\n\n<li>K\u00f6niglicher Erlass 1720\/2007 vom 21. Dezember zur Verabschiedung der Verordnung zur Durchf\u00fchrung des Organgesetzes 15\/1999 vom 13. Dezember \u00fcber den Schutz personenbezogener Daten (RDLOPD).<\/li>\n\n\n\n<li>Gesetz 34\/2002 vom 11. Juli \u00fcber die Dienste der Informationsgesellschaft und den elektronischen Handel (LSSI-CE).<\/li>\n<\/ul>\n\n\n\n<p><strong><br>Identit\u00e4t des f\u00fcr die Verarbeitung der personenbezogenen Daten Verantwortlichen<\/strong><\/p>\n\n\n\n<p>Der Verantwortliche f\u00fcr die Behandlung der in L'AUTENTIC gesammelten pers\u00f6nlichen Daten ist: DISTRIBUCIONES Y EXCLUSIVAS TONI PACO Y MANOLI S.L., mit NIF: B12548491. Seine Kontaktdaten lauten wie folgt:<\/p>\n\n\n\n<ul>\n<li>Adresse: Pol. Naves Mercado de Abastos, Naves 5 y 6 12.004 Castell\u00f3n<\/li>\n\n\n\n<li>Telefonnummer der Kontaktperson: 964 23 99 78 \/ 627 47 36 38<\/li>\n\n\n\n<li>E-Mail-Kontakt:&nbsp;<a href=\"mailto:info@agenciarespira.com\" target=\"_blank\" rel=\"noreferrer noopener\">info@tpm-gourmet.com<\/a><\/li>\n<\/ul>\n\n\n\n<p><strong><br>Register der personenbezogenen Daten<\/strong><\/p>\n\n\n\n<p>Die pers\u00f6nlichen Daten, die von L'AUTENTIC \u00fcber die Formulare auf ihren Seiten gesammelt werden, werden in einer automatisierten Datei unter der Verantwortung des Datenverantwortlichen gespeichert.<\/p>\n\n\n\n<p><strong><br>F\u00fcr die Verarbeitung personenbezogener Daten geltende Grunds\u00e4tze<\/strong><\/p>\n\n\n\n<p>Die Verarbeitung der personenbezogenen Daten des Nutzers unterliegt den folgenden Grunds\u00e4tzen, die in Artikel 5 der DSGVO aufgef\u00fchrt sind:<\/p>\n\n\n\n<ul>\n<li>Grundsatz der Rechtm\u00e4\u00dfigkeit, Fairness und Transparenz: Die Zustimmung des Nutzers ist jederzeit nach vollst\u00e4ndiger und transparenter Information \u00fcber die Zwecke, f\u00fcr die die personenbezogenen Daten erhoben werden, erforderlich.<\/li>\n\n\n\n<li>Grundsatz der Zweckbindung: Personenbezogene Daten werden f\u00fcr festgelegte, eindeutige und rechtm\u00e4\u00dfige Zwecke erhoben.<\/li>\n\n\n\n<li>Grundsatz der Datenminimierung: Es werden nur die personenbezogenen Daten erhoben, die f\u00fcr die Zwecke, f\u00fcr die sie verarbeitet werden, unbedingt erforderlich sind.<\/li>\n\n\n\n<li>Grundsatz der sachlichen Richtigkeit: Personenbezogene Daten m\u00fcssen sachlich richtig und stets auf dem neuesten Stand sein.<\/li>\n\n\n\n<li>Grundsatz der Begrenzung der Speicherdauer: Personenbezogene Daten werden nur in einer Form gespeichert, die die Identifizierung des Nutzers f\u00fcr den Zeitraum erm\u00f6glicht, der f\u00fcr die Zwecke ihrer Verarbeitung erforderlich ist.<\/li>\n\n\n\n<li>Grundsatz der Integrit\u00e4t und Vertraulichkeit: Personenbezogene Daten sind in einer Weise zu verarbeiten, die ihre Sicherheit und Vertraulichkeit gew\u00e4hrleistet.<\/li>\n\n\n\n<li>Grundsatz der proaktiven Rechenschaftspflicht: Der f\u00fcr die Verarbeitung Verantwortliche ist daf\u00fcr zust\u00e4ndig, dass die oben genannten Grunds\u00e4tze eingehalten werden.<\/li>\n<\/ul>\n\n\n\n<p><strong><br>Kategorien von personenbezogenen Daten<\/strong><\/p>\n\n\n\n<p>Bei den von L'AUTENTIC verarbeiteten Datenkategorien handelt es sich ausschlie\u00dflich um Identifikationsdaten. Unter keinen Umst\u00e4nden werden besondere Kategorien personenbezogener Daten im Sinne von Artikel 9 der DSGVO verarbeitet.<strong>&nbsp;<\/strong><\/p>\n\n\n\n<p><strong><br>Rechtsgrundlage f\u00fcr die Verarbeitung von personenbezogenen Daten<\/strong><\/p>\n\n\n\n<p>Rechtsgrundlage f\u00fcr die Verarbeitung der personenbezogenen Daten ist die Einwilligung. L'AUTENTIC verpflichtet sich, die ausdr\u00fcckliche und \u00fcberpr\u00fcfbare Einwilligung des Nutzers zur Verarbeitung seiner personenbezogenen Daten f\u00fcr einen oder mehrere bestimmte Zwecke einzuholen.<\/p>\n\n\n\n<p>Der Nutzer hat das Recht, seine Einwilligung jederzeit zu widerrufen. Der Widerruf der Einwilligung muss genauso einfach sein wie die Erteilung der Einwilligung. In der Regel darf der Widerruf der Zustimmung die Nutzung der Website nicht beeintr\u00e4chtigen.<\/p>\n\n\n\n<p>In den F\u00e4llen, in denen der Nutzer seine Daten \u00fcber Formulare angeben muss oder kann, um Anfragen zu stellen, Informationen anzufordern oder aus Gr\u00fcnden, die mit dem Inhalt der Website zusammenh\u00e4ngen, wird er dar\u00fcber informiert, wenn das Ausf\u00fcllen eines dieser Formulare obligatorisch ist, da es f\u00fcr die korrekte Abwicklung der durchgef\u00fchrten Operation wesentlich ist.<\/p>\n\n\n\n<p><strong><br>Aufbewahrungsfristen f\u00fcr personenbezogene Daten<\/strong><\/p>\n\n\n\n<p>Personenbezogene Daten werden nur so lange aufbewahrt, wie es f\u00fcr die Zwecke ihrer Verarbeitung erforderlich ist, und in jedem Fall nur f\u00fcr den folgenden Zeitraum: 5 Jahre oder bis der Nutzer ihre L\u00f6schung beantragt.<\/p>\n\n\n\n<p>Zum Zeitpunkt der Erhebung der personenbezogenen Daten wird der Nutzer \u00fcber den Zeitraum informiert, f\u00fcr den die personenbezogenen Daten aufbewahrt werden, oder, falls dies nicht m\u00f6glich ist, \u00fcber die Kriterien, nach denen dieser Zeitraum festgelegt wird.<\/p>\n\n\n\n<p><strong><br>Empf\u00e4nger von personenbezogenen Daten<\/strong><\/p>\n\n\n\n<p>Die personenbezogenen Daten des Nutzers werden an die folgenden Empf\u00e4nger oder Kategorien von Empf\u00e4ngern weitergegeben:<\/p>\n\n\n\n<p>Arbeits- und Steuerberater, mit denen sie eine Vertraulichkeitsvereinbarung unterzeichnet haben.<\/p>\n\n\n\n<p>Beabsichtigt der f\u00fcr die Verarbeitung Verantwortliche, personenbezogene Daten an ein Drittland oder eine internationale Organisation zu \u00fcbermitteln, so ist der Nutzer zum Zeitpunkt der Erhebung der personenbezogenen Daten \u00fcber das Drittland oder die internationale Organisation, an das\/die die Daten \u00fcbermittelt werden sollen, sowie \u00fcber das Vorliegen oder Nichtvorliegen eines Angemessenheitsbeschlusses der Kommission zu informieren.<\/p>\n\n\n\n<p><strong><br>Personenbezogene Daten von Minderj\u00e4hrigen<\/strong><\/p>\n\n\n\n<p>Gem\u00e4\u00df den Bestimmungen der Artikel 8 des RGPD und 13 des RDLOPD k\u00f6nnen nur Personen, die das 14. Lebensjahr vollendet haben, ihre Einwilligung zur rechtm\u00e4\u00dfigen Verarbeitung ihrer personenbezogenen Daten durch L'AUTENTIC geben. Bei Minderj\u00e4hrigen unter 14 Jahren ist die Zustimmung der Eltern oder des Vormunds f\u00fcr die Verarbeitung erforderlich, und die Verarbeitung gilt nur insoweit als rechtm\u00e4\u00dfig, als sie von ihnen genehmigt wurde.<\/p>\n\n\n\n<p><strong><br>Geheimhaltung und Sicherheit der personenbezogenen Daten<\/strong><\/p>\n\n\n\n<p>L'AUTENTIC verpflichtet sich, die notwendigen technischen und organisatorischen Ma\u00dfnahmen zu ergreifen, die dem Risiko der erhobenen Daten angemessen sind, um die Sicherheit der personenbezogenen Daten zu gew\u00e4hrleisten und die zuf\u00e4llige oder unrechtm\u00e4\u00dfige Zerst\u00f6rung, den Verlust oder die Ver\u00e4nderung der \u00fcbermittelten, gespeicherten oder anderweitig verarbeiteten personenbezogenen Daten sowie die unbefugte Weitergabe oder den unbefugten Zugriff auf diese Daten zu verhindern.<\/p>\n\n\n\n<p>Da L'AUTENTIC jedoch weder die Unangreifbarkeit des Internets noch die v\u00f6llige Abwesenheit von Hackern oder anderen Personen, die in betr\u00fcgerischer Absicht auf personenbezogene Daten zugreifen, garantieren kann, verpflichtet sich der f\u00fcr die Verarbeitung Verantwortliche, den Nutzer unverz\u00fcglich zu benachrichtigen, wenn eine Verletzung der Sicherheit personenbezogener Daten auftritt, die ein hohes Risiko f\u00fcr die Rechte und Freiheiten nat\u00fcrlicher Personen mit sich bringen kann. Gem\u00e4\u00df Artikel 4 der Datenschutz-Grundverordnung bedeutet eine Verletzung der Sicherheit personenbezogener Daten jede Verletzung der Sicherheit, die zur zuf\u00e4lligen oder unrechtm\u00e4\u00dfigen Zerst\u00f6rung, zum Verlust oder zur Ver\u00e4nderung von \u00fcbermittelten, gespeicherten oder anderweitig verarbeiteten personenbezogenen Daten oder zur unbefugten Weitergabe von oder zum unbefugten Zugang zu solchen Daten f\u00fchrt.<\/p>\n\n\n\n<p>Der f\u00fcr die Verarbeitung Verantwortliche behandelt die personenbezogenen Daten vertraulich und verpflichtet sich, seine Mitarbeiter, Partner und alle anderen Personen, denen er die Informationen zug\u00e4nglich macht, dar\u00fcber zu informieren und durch eine gesetzliche oder vertragliche Verpflichtung sicherzustellen, dass diese Vertraulichkeit gewahrt bleibt.<\/p>\n\n\n\n<p><strong><br>Rechte, die sich aus der Verarbeitung von personenbezogenen Daten ergeben<\/strong><\/p>\n\n\n\n<p>Der Nutzer hat gegen\u00fcber L'AUTENTIC die folgenden, in der RGPD anerkannten Rechte und kann diese gegen\u00fcber dem f\u00fcr die Datenverarbeitung Verantwortlichen geltend machen:<\/p>\n\n\n\n<ul>\n<li><strong>Recht auf Zugang:<\/strong>&nbsp;Es handelt sich um das Recht des Nutzers, eine Best\u00e4tigung dar\u00fcber zu erhalten, ob L'AUTENTIC seine pers\u00f6nlichen Daten verarbeitet oder nicht, und, falls dies der Fall ist, Informationen \u00fcber seine spezifischen pers\u00f6nlichen Daten und \u00fcber die von L'AUTENTIC durchgef\u00fchrten oder geplanten Verarbeitungen zu erhalten, sowie unter anderem die verf\u00fcgbaren Informationen \u00fcber die Herkunft dieser Daten und die Empf\u00e4nger der f\u00fcr diese Daten durchgef\u00fchrten oder geplanten Mitteilungen.<\/li>\n\n\n\n<li><strong>Recht auf Berichtigung:<\/strong>&nbsp;Dies ist das Recht des Nutzers, seine personenbezogenen Daten \u00e4ndern zu lassen, wenn sie sich als unrichtig oder im Hinblick auf den Zweck der Verarbeitung als unvollst\u00e4ndig erweisen.<\/li>\n\n\n\n<li><strong>Recht auf L\u00f6schung (Recht auf Vergessenwerden):<\/strong>&nbsp;Dies ist das Recht des Nutzers, sofern gesetzlich nichts anderes vorgesehen ist, die L\u00f6schung seiner personenbezogenen Daten zu verlangen, wenn sie f\u00fcr die Zwecke, f\u00fcr die sie erhoben oder verarbeitet wurden, nicht mehr erforderlich sind; der Nutzer seine Einwilligung zu der Verarbeitung widerrufen hat und es keine andere Rechtsgrundlage f\u00fcr die Verarbeitung gibt; der Nutzer Widerspruch gegen die Verarbeitung eingelegt hat und kein anderer rechtm\u00e4\u00dfiger Grund f\u00fcr die Fortsetzung der Verarbeitung vorliegt; die personenbezogenen Daten unrechtm\u00e4\u00dfig verarbeitet wurden; die personenbezogenen Daten aufgrund einer rechtlichen Verpflichtung gel\u00f6scht werden m\u00fcssen; oder die personenbezogenen Daten als Ergebnis eines Direktangebots von Diensten der Informationsgesellschaft an ein Kind unter 14 Jahren erhoben wurden. Zus\u00e4tzlich zur L\u00f6schung ergreift der f\u00fcr die Verarbeitung Verantwortliche unter Ber\u00fccksichtigung der verf\u00fcgbaren Technologie und der Kosten ihrer Umsetzung angemessene Ma\u00dfnahmen, um die f\u00fcr die Verarbeitung Verantwortlichen, die die personenbezogenen Daten verarbeiten, \u00fcber den Antrag der betroffenen Person auf L\u00f6schung aller Verkn\u00fcpfungen mit diesen personenbezogenen Daten zu informieren.<\/li>\n\n\n\n<li><strong>Recht auf Einschr\u00e4nkung der Verarbeitung:<\/strong>&nbsp;Dies ist das Recht des Nutzers, die Verarbeitung seiner personenbezogenen Daten einzuschr\u00e4nken. Der Nutzer hat das Recht, die Einschr\u00e4nkung der Verarbeitung zu erwirken, wenn er die Richtigkeit seiner personenbezogenen Daten bestreitet, die Verarbeitung unrechtm\u00e4\u00dfig ist, der f\u00fcr die Verarbeitung Verantwortliche die personenbezogenen Daten nicht mehr ben\u00f6tigt, der Nutzer sie aber zur Geltendmachung von Anspr\u00fcchen ben\u00f6tigt, und wenn der Nutzer der Verarbeitung widersprochen hat.<\/li>\n\n\n\n<li><strong>Recht auf Daten\u00fcbertragbarkeit:<\/strong>&nbsp;Im Falle einer automatisierten Verarbeitung hat der Nutzer das Recht, von dem f\u00fcr die Verarbeitung Verantwortlichen seine personenbezogenen Daten in einem strukturierten, g\u00e4ngigen und maschinenlesbaren Format zu erhalten und sie einem anderen f\u00fcr die Verarbeitung Verantwortlichen zu \u00fcbermitteln. Soweit technisch machbar, \u00fcbermittelt der f\u00fcr die Verarbeitung Verantwortliche die Daten direkt an diesen anderen f\u00fcr die Verarbeitung Verantwortlichen.<\/li>\n\n\n\n<li><strong>Recht auf Widerspruch:<\/strong>&nbsp;Dies ist das Recht des Nutzers, die Verarbeitung seiner personenbezogenen Daten zu verweigern oder die Verarbeitung dieser Daten durch L'AUTENTIC zu stoppen.<\/li>\n\n\n\n<li><strong>Das Recht, keiner Entscheidung unterworfen zu werden, die ausschlie\u00dflich auf einer automatisierten Verarbeitung, einschlie\u00dflich der Verarbeitung personenbezogener Daten, beruht:<\/strong>&nbsp;Es handelt sich um das Recht des Nutzers, keiner individualisierten Entscheidung unterworfen zu werden, die ausschlie\u00dflich auf der automatisierten Verarbeitung seiner personenbezogenen Daten, einschlie\u00dflich der Verarbeitung vorhandener Cookies, beruht, es sei denn, das Gesetz sieht etwas anderes vor.<\/li>\n<\/ul>\n\n\n\n<p>Daher kann der Nutzer seine Rechte durch eine schriftliche Mitteilung an den f\u00fcr die Datenverarbeitung Verantwortlichen mit dem Vermerk \u00abRGPD - www.lautentic.net.\u00bb aus\u00fcben:<\/p>\n\n\n\n<ul>\n<li>Name, Nachname(n) des Nutzers und Kopie des Personalausweises. In den F\u00e4llen, in denen eine Vertretung zul\u00e4ssig ist, muss auch die Person, die den Nutzer vertritt, mit denselben Mitteln identifiziert werden, ebenso wie das Dokument, das die Vertretung best\u00e4tigt. Die Fotokopie des DNI kann durch jedes andere rechtsg\u00fcltige Mittel ersetzt werden, das die Identit\u00e4t best\u00e4tigt.<\/li>\n\n\n\n<li>Antrag mit spezifischen Gr\u00fcnden f\u00fcr den Antrag oder die Informationen, auf die zugegriffen werden soll.<\/li>\n\n\n\n<li>Anschrift f\u00fcr die Zustellung von Mitteilungen.<\/li>\n\n\n\n<li>Datum und Unterschrift des Antragstellers.<\/li>\n\n\n\n<li>Alle Dokumente, die den Antrag belegen.<\/li>\n<\/ul>\n\n\n\n<p>Dieser Antrag und alle anderen beigef\u00fcgten Unterlagen k\u00f6nnen an folgende Adresse und\/oder E-Mail-Adresse geschickt werden: Postanschrift: Pol. Naves Mercado de Abastos, Naves 5 y 6 12.004 Castell\u00f3n. E-Mail-Anschrift&nbsp;<a rel=\"noreferrer noopener\" href=\"mailto:info@agenciarespira.com\" target=\"_blank\">info@.<\/a><\/p>\n\n\n\n<p><strong><br>Links zu Websites Dritter<\/strong><\/p>\n\n\n\n<p>Die Website kann Hyperlinks oder Links enthalten, die den Zugang zu Websites Dritter erm\u00f6glichen, die nicht zu L'AUTENTIC geh\u00f6ren und daher nicht von L'AUTENTIC betrieben werden. Die Eigent\u00fcmer solcher Websites haben ihre eigenen Datenschutzrichtlinien und sind in jedem Fall selbst f\u00fcr ihre eigenen Datenschutzpraktiken verantwortlich.<\/p>\n\n\n\n<p><strong><br>Beschwerden bei der Aufsichtsbeh\u00f6rde<\/strong><\/p>\n\n\n\n<p>Sollte der Nutzer der Ansicht sein, dass die Art und Weise, wie seine personenbezogenen Daten verarbeitet werden, ein Problem oder einen Versto\u00df gegen die geltenden Vorschriften darstellt, hat er das Recht auf einen wirksamen Rechtsschutz und das Recht, eine Beschwerde bei einer Aufsichtsbeh\u00f6rde einzureichen, insbesondere in dem Staat, in dem er seinen gew\u00f6hnlichen Wohnsitz, seinen Arbeitsplatz oder den Ort des angeblichen Versto\u00dfes hat. Im Falle Spaniens ist die Aufsichtsbeh\u00f6rde die spanische Datenschutzbeh\u00f6rde (http:\/\/www.agpd.es).<\/p>\n\n\n\n<p><strong>II. COOKIE-POLITIK<\/strong><\/p>\n\n\n\n<p>Wir informieren Sie dar\u00fcber, dass das Navigationssystem f\u00fcr das korrekte Funktionieren der Website www.lautentic.net einige Navigationsdaten (\u201eCookies\u201c) verwendet, um den Nutzern der Website einen besser personalisierten Service bieten zu k\u00f6nnen. Cookies\u201c sind kleine Textdateien, die der Browser beim Surfen auf Webseiten und in Anwendungen speichert. Es k\u00f6nnen Informationen \u00fcber die IP-Adresse, die der Computer f\u00fcr die Verbindung mit der Website verwendet, die URL der angeforderten Website, die Uhrzeit der Verbindung und andere Parameter in Bezug auf das Betriebssystem der Computerumgebung des Nutzers erfasst werden. Diese Informationen werden nur zur Identifizierung der Sitzung gesammelt, um die Analyse der Website zu erleichtern.<\/p>\n\n\n\n<p>L'AUTENTIC verwendet auf seiner Website nur Cookies von Dritten, insbesondere von Google Analytics, einem Dienst f\u00fcr Webseitenstatistiken, der von Google Inc. angeboten wird. Google Analytics sammelt Informationen vom Computer des Benutzers, um Berichte \u00fcber die Aktivit\u00e4t der Anwendung zu erhalten, und speichert die Informationen auf Servern in den Vereinigten Staaten.<\/p>\n\n\n\n<p>In jedem Fall, wenn pers\u00f6nliche Daten gesammelt werden - in diesem Fall nur die Zugangs-IP; wir informieren Sie, dass diese verarbeitet und in eine Datei unter der Verantwortung von L'AUTENTIC aufgenommen werden. Gem\u00e4\u00df den Bestimmungen der Artikel 15 und 16 des Organgesetzes 15\/1999 vom 13. Dezember \u00fcber den Schutz personenbezogener Daten informieren wir Sie, dass Sie Ihre Rechte auf Zugang, Berichtigung, L\u00f6schung und Widerspruch unter folgender Adresse aus\u00fcben k\u00f6nnen:  Pol. Naves Mercado de Abastos, Naves 5 y 6 12.004 Castell\u00f3n<\/p>\n\n\n\n<p>Der Nutzer wird darauf hingewiesen, dass Google diese Informationen gegebenenfalls an Dritte \u00fcbertragen wird, sofern dies gesetzlich vorgeschrieben ist oder soweit Dritte diese Daten im Auftrag von Google verarbeiten. Google wird die IP-Adresse des Nutzers nicht mit anderen von Google gespeicherten Daten in Verbindung bringen und wird daher v\u00f6llig anonym handeln.<br>Sie k\u00f6nnen dieses Cookie unter der folgenden Adresse ablehnen oder l\u00f6schen:<br>https:\/\/www.google.com\/intl\/ca\/policies\/privacy\/<br>https:\/\/www.google.com\/intl\/en\/privacypolicy.html<\/p>\n\n\n\n<p>In jedem Fall kann der Nutzer in seinem eigenen Navigationssystem die Option aktivieren, die Installation von Cookies nicht zuzulassen; in keinem Fall ist L'AUTENTIC daf\u00fcr verantwortlich, dass die Deaktivierung von Cookies dazu f\u00fchrt, dass einige der von dieser Website angebotenen Dienste nicht richtig funktionieren.<br>Weitere Informationen \u00fcber Cookies und wie Sie sie je nach Ihrem Navigationssystem deaktivieren k\u00f6nnen, finden Sie unter folgenden Links: www.aboutcookies.org und https:\/\/www.aboutcookies.org\/Default.aspx?page=1<\/p>\n\n\n\n<p>Andernfalls und wenn L'AUTENTIC \u00fcber die Verwendung von Cookies informiert wurde und diese nicht deaktiviert wurden, bedeutet dies, dass der Nutzer mit der Verarbeitung der Daten durch Google in der in dieser Mitteilung vorgesehenen Weise und zu den hier beschriebenen Zwecken einverstanden ist.<\/p>\n\n\n\n<p>Wenn Sie Fragen oder Anmerkungen haben, k\u00f6nnen Sie sich \u00fcber den Kundendienst von L'AUTENTIC an uns wenden.<\/p>\n\n\n\n<p><strong>III. AKZEPTANZ UND \u00c4NDERUNGEN DIESER DATENSCHUTZERKL\u00c4RUNG<\/strong><\/p>\n\n\n\n<p>Es ist notwendig, dass der Nutzer die in dieser Datenschutz- und Cookie-Politik enthaltenen Bedingungen zum Schutz personenbezogener Daten gelesen hat und ihnen zustimmt, sowie dass er die Verarbeitung seiner personenbezogenen Daten akzeptiert, damit der f\u00fcr die Datenverarbeitung Verantwortliche auf die angegebene Weise, in den angegebenen Zeitr\u00e4umen und zu den angegebenen Zwecken vorgehen kann. Die Nutzung der Website setzt die Annahme der Datenschutz- und Cookies-Politik voraus.<\/p>\n\n\n\n<p>Cuatro Noventa beh\u00e4lt sich das Recht vor, seine Datenschutz- und Cookie-Politik nach eigenen Kriterien oder aufgrund einer \u00c4nderung der Gesetzgebung, der Rechtsprechung oder der Doktrin der spanischen Datenschutzbeh\u00f6rde zu \u00e4ndern. \u00c4nderungen oder Aktualisierungen dieser Datenschutz- und Cookies-Politik werden dem Nutzer ausdr\u00fccklich mitgeteilt.<\/p>\n\n\n\n<p>Diese Datenschutz- und Cookie-Richtlinie wurde am 27. Mai 2018 aktualisiert, um sie an die Verordnung (EU) 2016\/679 des Europ\u00e4ischen Parlaments und des Rates vom 27. April 2016 zum Schutz nat\u00fcrlicher Personen bei der Verarbeitung personenbezogener Daten und zum freien Datenverkehr (GDPR) anzupassen.<\/p>\n\n\n<p><script id=\"CookieDeclaration\" src=\"https:\/\/consent.cookiebot.com\/950a67da-b5bd-429a-8bd6-5774b706d4ca\/cd.js\" type=\"text\/javascript\" async=\"\"><\/script><\/p>","protected":false},"excerpt":{"rendered":"<p>I. POL\u00cdTICA DE PRIVACIDAD Y PROTECCI\u00d3N DE DATOS Respetando lo establecido en la legislaci\u00f3n vigente, DISTRIBUCIONES Y EXCLUSIVAS TONI PACO Y MANOLI S.L. (en adelante, tambi\u00e9n lautentic.net) se compromete a adoptar las medidas t\u00e9cnicas y organizativas necesarias, seg\u00fan el nivel de seguridad adecuado al riesgo de los datos recogidos. Leyes que incorpora esta pol\u00edtica de<\/p>\n<div class=\"klb-readmore\"><a href=\"https:\/\/lautentic.es\/de\/politica-privacidad-y-cookies\/\" class=\"btn\">READ MORE<\/a><\/div>","protected":false},"author":1,"featured_media":0,"parent":0,"menu_order":0,"comment_status":"closed","ping_status":"closed","template":"","meta":{"om_disable_all_campaigns":false,"_monsterinsights_skip_tracking":false,"_monsterinsights_sitenote_active":false,"_monsterinsights_sitenote_note":"","_monsterinsights_sitenote_category":0},"aioseo_notices":[],"_links":{"self":[{"href":"https:\/\/lautentic.es\/de\/wp-json\/wp\/v2\/pages\/3"}],"collection":[{"href":"https:\/\/lautentic.es\/de\/wp-json\/wp\/v2\/pages"}],"about":[{"href":"https:\/\/lautentic.es\/de\/wp-json\/wp\/v2\/types\/page"}],"author":[{"embeddable":true,"href":"https:\/\/lautentic.es\/de\/wp-json\/wp\/v2\/users\/1"}],"replies":[{"embeddable":true,"href":"https:\/\/lautentic.es\/de\/wp-json\/wp\/v2\/comments?post=3"}],"version-history":[{"count":8,"href":"https:\/\/lautentic.es\/de\/wp-json\/wp\/v2\/pages\/3\/revisions"}],"predecessor-version":[{"id":1828,"href":"https:\/\/lautentic.es\/de\/wp-json\/wp\/v2\/pages\/3\/revisions\/1828"}],"wp:attachment":[{"href":"https:\/\/lautentic.es\/de\/wp-json\/wp\/v2\/media?parent=3"}],"curies":[{"name":"wp","href":"https:\/\/api.w.org\/{rel}","templated":true}]}}