{"id":2170,"date":"2026-03-16T10:12:17","date_gmt":"2026-03-16T10:12:17","guid":{"rendered":"https:\/\/lautentic.es\/?page_id=2170"},"modified":"2026-03-16T10:12:52","modified_gmt":"2026-03-16T10:12:52","slug":"ensaladilla-rusa","status":"publish","type":"page","link":"https:\/\/lautentic.es\/de\/ensaladilla-rusa\/","title":{"rendered":"Spanischer Kartoffelsalat"},"content":{"rendered":"<div data-vc-full-width=\"true\" data-vc-full-width-init=\"false\" data-vc-stretch-content=\"true\" class=\"vc_row wpb_row vc_row-fluid vc_row-no-padding\"><div class=\"wpb_column vc_column_container vc_col-sm-12 vc_hidden-md vc_hidden-sm vc_hidden-xs\"><div class=\"vc_column-inner\"><div class=\"wpb_wrapper\">\n\t<div  class=\"wpb_single_image wpb_content_element vc_align_left\">\n\t\t\n\t\t<figure class=\"wpb_wrapper vc_figure\">\n\t\t\t<div class=\"vc_single_image-wrapper   vc_box_border_grey\"><img class=\"vc_single_image-img\" src=\"https:\/\/lautentic.es\/wp-content\/uploads\/2026\/03\/Platos-TPM-9-scaled-1905x800.jpg\" width=\"1905\" height=\"800\" alt=\"Platos TPM-9\" title=\"Platos TPM-9\" \/><\/div>\n\t\t<\/figure>\n\t<\/div>\n<\/div><\/div><\/div><\/div><div class=\"vc_row-full-width vc_clearfix\"><\/div><div data-vc-full-width=\"true\" data-vc-full-width-init=\"false\" data-vc-stretch-content=\"true\" class=\"vc_row wpb_row vc_row-fluid vc_row-no-padding\"><div class=\"wpb_column vc_column_container vc_col-sm-12 vc_hidden-lg\"><div class=\"vc_column-inner\"><div class=\"wpb_wrapper\"><div class=\"vc_empty_space\"   style=\"height: 64px\"><span class=\"vc_empty_space_inner\"><\/span><\/div>\n\t<div  class=\"wpb_single_image wpb_content_element vc_align_left\">\n\t\t\n\t\t<figure class=\"wpb_wrapper vc_figure\">\n\t\t\t<div class=\"vc_single_image-wrapper   vc_box_border_grey\"><img class=\"vc_single_image-img\" src=\"https:\/\/lautentic.es\/wp-content\/uploads\/2026\/03\/Platos-TPM-9-scaled-1905x700.jpg\" width=\"1905\" height=\"700\" alt=\"Platos TPM-9\" title=\"Platos TPM-9\" \/><\/div>\n\t\t<\/figure>\n\t<\/div>\n<\/div><\/div><\/div><\/div><div class=\"vc_row-full-width vc_clearfix\"><\/div><div class=\"container\"><div class=\"vc_row wpb_row vc_row-fluid\"><div class=\"wpb_column vc_column_container vc_col-sm-12\"><div class=\"vc_column-inner\"><div class=\"wpb_wrapper\"><div class=\"vc_empty_space\"   style=\"height: 75px\"><span class=\"vc_empty_space_inner\"><\/span><\/div><div style=\"font-size: 100px;color: #fed428;line-height: 1;text-align: center;font-family:script;font-weight:400;font-style:normal\" class=\"vc_custom_heading\" >Geschmack nach Tradition<\/div><div class=\"vc_empty_space\"   style=\"height: 75px\"><span class=\"vc_empty_space_inner\"><\/span><\/div>\n\t<div class=\"wpb_text_column wpb_content_element\" >\n\t\t<div class=\"wpb_wrapper\">\n\t\t\t<h1 style=\"text-align: center;\">Spanischer Kartoffelsalat<\/h1>\n\n\t\t<\/div>\n\t<\/div>\n<div class=\"vc_empty_space\"   style=\"height: 32px\"><span class=\"vc_empty_space_inner\"><\/span><\/div>\n\t<div class=\"wpb_text_column wpb_content_element\" >\n\t\t<div class=\"wpb_wrapper\">\n\t\t\t<p style=\"text-align: center;\">Unser hausgemachter spanischer Kartoffelsalat ist<br \/>\neine Hommage an die kulinarische Tradition.<br \/>\nwird aus hochwertigen Zutaten nach einem Rezept\nzubereitet, das den<br \/>\nauthentischen Geschmack\nhausgemachter Speisen widerspiegelt.<\/p>\n\n\t\t<\/div>\n\t<\/div>\n<div class=\"vc_empty_space\"   style=\"height: 64px\"><span class=\"vc_empty_space_inner\"><\/span><\/div><\/div><\/div><\/div><\/div><\/div><div class=\"container\"><div class=\"vc_row wpb_row vc_row-fluid\"><div class=\"wpb_column vc_column_container vc_col-sm-12\"><div class=\"vc_column-inner\"><div class=\"wpb_wrapper\"><div class=\"vc_row wpb_row vc_inner vc_row-fluid\"><div class=\"wpb_column vc_column_container vc_col-sm-6\"><div class=\"vc_column-inner\"><div class=\"wpb_wrapper\">\n\t<div  class=\"wpb_single_image wpb_content_element vc_align_left  vc_custom_1773655342155\">\n\t\t\n\t\t<figure class=\"wpb_wrapper vc_figure\">\n\t\t\t<div class=\"vc_single_image-wrapper   vc_box_border_grey\"><img class=\"vc_single_image-img\" src=\"https:\/\/lautentic.es\/wp-content\/uploads\/2026\/03\/ENSAL.-RUSA-250g-600x364.png\" width=\"600\" height=\"364\" alt=\"ENSAL. RUSA 250g\" title=\"ENSAL. RUSA 250g\" \/><\/div>\n\t\t<\/figure>\n\t<\/div>\n<\/div><\/div><\/div><div class=\"wpb_column vc_column_container vc_col-sm-6\"><div class=\"vc_column-inner\"><div class=\"wpb_wrapper\"><div class=\"vc_empty_space\"   style=\"height: 34px\"><span class=\"vc_empty_space_inner\"><\/span><\/div>\n\t<div class=\"wpb_text_column wpb_content_element\" >\n\t\t<div class=\"wpb_wrapper\">\n\t\t\t<h2><span style=\"font-weight: 400;\">250g Schale<\/span><\/h2>\n\n\t\t<\/div>\n\t<\/div>\n<div class=\"vc_empty_space\"   style=\"height: 22px\"><span class=\"vc_empty_space_inner\"><\/span><\/div>\n\t<div class=\"wpb_text_column wpb_content_element\" >\n\t\t<div class=\"wpb_wrapper\">\n\t\t\t<p>Dieses Format eignet sich perfekt f\u00fcr den Verzehr zu Hause. Die Schale beansprucht kaum Platz im K\u00fchlschrank.<\/p>\n\n\t\t<\/div>\n\t<\/div>\n<\/div><\/div><\/div><\/div><div class=\"vc_empty_space\"   style=\"height: 64px\"><span class=\"vc_empty_space_inner\"><\/span><\/div><div class=\"vc_row wpb_row vc_inner vc_row-fluid\"><div class=\"wpb_column vc_column_container vc_col-sm-6\"><div class=\"vc_column-inner\"><div class=\"wpb_wrapper\">\n\t<div  class=\"wpb_single_image wpb_content_element vc_align_left  vc_custom_1773655391696\">\n\t\t\n\t\t<figure class=\"wpb_wrapper vc_figure\">\n\t\t\t<div class=\"vc_single_image-wrapper   vc_box_border_grey\"><img class=\"vc_single_image-img\" src=\"https:\/\/lautentic.es\/wp-content\/uploads\/2026\/03\/ENSAL.-RUSA-400g-600x364.png\" width=\"600\" height=\"364\" alt=\"ENSAL. RUSA 400g\" title=\"ENSAL. RUSA 400g\" \/><\/div>\n\t\t<\/figure>\n\t<\/div>\n<\/div><\/div><\/div><div class=\"wpb_column vc_column_container vc_col-sm-6\"><div class=\"vc_column-inner\"><div class=\"wpb_wrapper\"><div class=\"vc_empty_space\"   style=\"height: 34px\"><span class=\"vc_empty_space_inner\"><\/span><\/div>\n\t<div class=\"wpb_text_column wpb_content_element\" >\n\t\t<div class=\"wpb_wrapper\">\n\t\t\t<h2><span style=\"font-weight: 400;\">Schale<\/span><span style=\"font-weight: 400;\"> 400g<\/span><\/h2>\n\n\t\t<\/div>\n\t<\/div>\n<div class=\"vc_empty_space\"   style=\"height: 22px\"><span class=\"vc_empty_space_inner\"><\/span><\/div>\n\t<div class=\"wpb_text_column wpb_content_element\" >\n\t\t<div class=\"wpb_wrapper\">\n\t\t\t<p data-start=\"121\" data-end=\"263\">Praktisches Format zum Teilen zu Hause. Die perfekte Gr\u00f6\u00dfe, um unseren russischen Salat mit der gewohnten Qualit\u00e4t zu genie\u00dfen.<\/p>\n\n\t\t<\/div>\n\t<\/div>\n<\/div><\/div><\/div><\/div><div class=\"vc_row wpb_row vc_inner vc_row-fluid\"><div class=\"wpb_column vc_column_container vc_col-sm-6\"><div class=\"vc_column-inner\"><div class=\"wpb_wrapper\">\n\t<div  class=\"wpb_single_image wpb_content_element vc_align_left  vc_custom_1773655438373\">\n\t\t\n\t\t<figure class=\"wpb_wrapper vc_figure\">\n\t\t\t<div class=\"vc_single_image-wrapper   vc_box_border_grey\"><img class=\"vc_single_image-img\" src=\"https:\/\/lautentic.es\/wp-content\/uploads\/2026\/03\/ENSAL.-RUSA-1000g-600x364.png\" width=\"600\" height=\"364\" alt=\"ENSAL. RUSA 1000g\" title=\"ENSAL. RUSA 1000g\" \/><\/div>\n\t\t<\/figure>\n\t<\/div>\n<\/div><\/div><\/div><div class=\"wpb_column vc_column_container vc_col-sm-6\"><div class=\"vc_column-inner\"><div class=\"wpb_wrapper\"><div class=\"vc_empty_space\"   style=\"height: 34px\"><span class=\"vc_empty_space_inner\"><\/span><\/div>\n\t<div class=\"wpb_text_column wpb_content_element\" >\n\t\t<div class=\"wpb_wrapper\">\n\t\t\t<h2><span style=\"font-weight: 400;\">Schale<\/span><span style=\"font-weight: 400;\"> 1000g<\/span><\/h2>\n\n\t\t<\/div>\n\t<\/div>\n<div class=\"vc_empty_space\"   style=\"height: 22px\"><span class=\"vc_empty_space_inner\"><\/span><\/div>\n\t<div class=\"wpb_text_column wpb_content_element\" >\n\t\t<div class=\"wpb_wrapper\">\n\t\t\t<p data-start=\"265\" data-end=\"401\">Das ideale Format, wenn mehrere Personen am Tisch sind. Mehr Menge zum Teilen, ohne auf den gewohnten Geschmack und die Qualit\u00e4t zu verzichten.<\/p>\n\n\t\t<\/div>\n\t<\/div>\n<\/div><\/div><\/div><\/div><div class=\"vc_row wpb_row vc_inner vc_row-fluid\"><div class=\"wpb_column vc_column_container vc_col-sm-6\"><div class=\"vc_column-inner\"><div class=\"wpb_wrapper\">\n\t<div  class=\"wpb_single_image wpb_content_element vc_align_left  vc_custom_1773655483553\">\n\t\t\n\t\t<figure class=\"wpb_wrapper vc_figure\">\n\t\t\t<div class=\"vc_single_image-wrapper   vc_box_border_grey\"><img class=\"vc_single_image-img\" src=\"https:\/\/lautentic.es\/wp-content\/uploads\/2026\/03\/ENSAL.-RUSA-1900g-600x364.png\" width=\"600\" height=\"364\" alt=\"ENSAL. RUSA 1900g\" title=\"ENSAL. RUSA 1900g\" \/><\/div>\n\t\t<\/figure>\n\t<\/div>\n<\/div><\/div><\/div><div class=\"wpb_column vc_column_container vc_col-sm-6\"><div class=\"vc_column-inner\"><div class=\"wpb_wrapper\"><div class=\"vc_empty_space\"   style=\"height: 34px\"><span class=\"vc_empty_space_inner\"><\/span><\/div>\n\t<div class=\"wpb_text_column wpb_content_element\" >\n\t\t<div class=\"wpb_wrapper\">\n\t\t\t<h2><span style=\"font-weight: 400;\">Schale<\/span><span style=\"font-weight: 400;\"> 1900g<\/span><\/h2>\n\n\t\t<\/div>\n\t<\/div>\n<div class=\"vc_empty_space\"   style=\"height: 22px\"><span class=\"vc_empty_space_inner\"><\/span><\/div>\n\t<div class=\"wpb_text_column wpb_content_element\" >\n\t\t<div class=\"wpb_wrapper\">\n\t\t\t<p>Ideal f\u00fcr die Gastronomie und den privaten Gebrauch. Gr\u00f6\u00dfere Menge bei unver\u00e4nderter Qualit\u00e4t.<\/p>\n\n\t\t<\/div>\n\t<\/div>\n<\/div><\/div><\/div><\/div><\/div><\/div><\/div><\/div><\/div><div data-vc-full-width=\"true\" data-vc-full-width-init=\"false\" data-vc-stretch-content=\"true\" class=\"vc_row wpb_row vc_row-fluid vc_row-no-padding\"><div class=\"wpb_column vc_column_container vc_col-sm-12\"><div class=\"vc_column-inner\"><div class=\"wpb_wrapper\"><div class=\"vc_empty_space\"   style=\"height: 32px\"><span class=\"vc_empty_space_inner\"><\/span><\/div>\n\t<div  class=\"wpb_single_image wpb_content_element vc_align_left\">\n\t\t\n\t\t<figure class=\"wpb_wrapper vc_figure\">\n\t\t\t<div class=\"vc_single_image-wrapper   vc_box_border_grey\"><img width=\"1905\" height=\"952\" src=\"https:\/\/lautentic.es\/wp-content\/uploads\/2023\/06\/la.FOOTER_2.1905x952px.jpg\" class=\"vc_single_image-img attachment-full\" alt=\"\" decoding=\"async\" loading=\"lazy\" srcset=\"https:\/\/lautentic.es\/wp-content\/uploads\/2023\/06\/la.FOOTER_2.1905x952px.jpg 1905w, https:\/\/lautentic.es\/wp-content\/uploads\/2023\/06\/la.FOOTER_2.1905x952px-300x150.jpg 300w, https:\/\/lautentic.es\/wp-content\/uploads\/2023\/06\/la.FOOTER_2.1905x952px-1024x512.jpg 1024w, https:\/\/lautentic.es\/wp-content\/uploads\/2023\/06\/la.FOOTER_2.1905x952px-768x384.jpg 768w, https:\/\/lautentic.es\/wp-content\/uploads\/2023\/06\/la.FOOTER_2.1905x952px-1536x768.jpg 1536w, https:\/\/lautentic.es\/wp-content\/uploads\/2023\/06\/la.FOOTER_2.1905x952px-600x300.jpg 600w\" sizes=\"(max-width: 1905px) 100vw, 1905px\" \/><\/div>\n\t\t<\/figure>\n\t<\/div>\n<\/div><\/div><\/div><\/div><div class=\"vc_row-full-width vc_clearfix\"><\/div>","protected":false},"excerpt":{"rendered":"Sabor a tradici\u00f3n Ensaladilla rusa Nuestra ensaladilla rusa artesana es un homenaje a la tradici\u00f3n culinaria, elaborada con ingredientes de calidad y con una receta que transmite todo el sabor aut\u00e9ntico de lo casero. Bandeja de 250g Este formato es perfecto para consumir en el hogar. La bandeja no ocupa espacio en la nevera. Bandeja<div class=\"klb-readmore\"><a href=\"https:\/\/lautentic.es\/de\/ensaladilla-rusa\/\" class=\"btn\">READ MORE<\/a><\/div>","protected":false},"author":1,"featured_media":0,"parent":0,"menu_order":0,"comment_status":"closed","ping_status":"closed","template":"","meta":{"om_disable_all_campaigns":false,"_monsterinsights_skip_tracking":false,"_monsterinsights_sitenote_active":false,"_monsterinsights_sitenote_note":"","_monsterinsights_sitenote_category":0},"aioseo_notices":[],"_links":{"self":[{"href":"https:\/\/lautentic.es\/de\/wp-json\/wp\/v2\/pages\/2170"}],"collection":[{"href":"https:\/\/lautentic.es\/de\/wp-json\/wp\/v2\/pages"}],"about":[{"href":"https:\/\/lautentic.es\/de\/wp-json\/wp\/v2\/types\/page"}],"author":[{"embeddable":true,"href":"https:\/\/lautentic.es\/de\/wp-json\/wp\/v2\/users\/1"}],"replies":[{"embeddable":true,"href":"https:\/\/lautentic.es\/de\/wp-json\/wp\/v2\/comments?post=2170"}],"version-history":[{"count":1,"href":"https:\/\/lautentic.es\/de\/wp-json\/wp\/v2\/pages\/2170\/revisions"}],"predecessor-version":[{"id":2171,"href":"https:\/\/lautentic.es\/de\/wp-json\/wp\/v2\/pages\/2170\/revisions\/2171"}],"wp:attachment":[{"href":"https:\/\/lautentic.es\/de\/wp-json\/wp\/v2\/media?parent=2170"}],"curies":[{"name":"wp","href":"https:\/\/api.w.org\/{rel}","templated":true}]}}