{"id":1278,"date":"2023-05-03T08:45:51","date_gmt":"2023-05-03T08:45:51","guid":{"rendered":"https:\/?page_id=1278"},"modified":"2026-03-16T12:39:51","modified_gmt":"2026-03-16T12:39:51","slug":"quienes-somos","status":"publish","type":"page","link":"https:\/\/lautentic.es\/de\/quienes-somos\/","title":{"rendered":"\u00dcBER UNS"},"content":{"rendered":"<div data-vc-full-width=\"true\" data-vc-full-width-init=\"false\" data-vc-stretch-content=\"true\" class=\"vc_row wpb_row vc_row-fluid vc_row-no-padding\"><div class=\"wpb_column vc_column_container vc_col-sm-12 vc_hidden-md vc_hidden-sm vc_hidden-xs\"><div class=\"vc_column-inner\"><div class=\"wpb_wrapper\">\n\t<div  class=\"wpb_single_image wpb_content_element vc_align_left\">\n\t\t\n\t\t<figure class=\"wpb_wrapper vc_figure\">\n\t\t\t<div class=\"vc_single_image-wrapper   vc_box_border_grey\"><img class=\"vc_single_image-img\" src=\"https:\/\/lautentic.es\/wp-content\/uploads\/2025\/03\/31-scaled-1905x700-1.jpg\" width=\"1905\" height=\"700\" alt=\"31-scaled-1905x700\" title=\"31-scaled-1905x700\" \/><\/div>\n\t\t<\/figure>\n\t<\/div>\n<\/div><\/div><\/div><\/div><div class=\"vc_row-full-width vc_clearfix\"><\/div><div data-vc-full-width=\"true\" data-vc-full-width-init=\"false\" data-vc-stretch-content=\"true\" class=\"vc_row wpb_row vc_row-fluid vc_row-no-padding\"><div class=\"wpb_column vc_column_container vc_col-sm-12 vc_hidden-lg\"><div class=\"vc_column-inner\"><div class=\"wpb_wrapper\"><div class=\"vc_empty_space\"   style=\"height: 64px\"><span class=\"vc_empty_space_inner\"><\/span><\/div>\n\t<div  class=\"wpb_single_image wpb_content_element vc_align_left\">\n\t\t\n\t\t<figure class=\"wpb_wrapper vc_figure\">\n\t\t\t<div class=\"vc_single_image-wrapper   vc_box_border_grey\"><img class=\"vc_single_image-img\" src=\"https:\/\/lautentic.es\/wp-content\/uploads\/2025\/03\/31-scaled-1905x700-1.jpg\" width=\"1905\" height=\"700\" alt=\"31-scaled-1905x700\" title=\"31-scaled-1905x700\" \/><\/div>\n\t\t<\/figure>\n\t<\/div>\n<\/div><\/div><\/div><\/div><div class=\"vc_row-full-width vc_clearfix\"><\/div><div class=\"container\"><div class=\"vc_row wpb_row vc_row-fluid\"><div class=\"wpb_column vc_column_container vc_col-sm-12\"><div class=\"vc_column-inner\"><div class=\"wpb_wrapper\"><div class=\"vc_empty_space\"   style=\"height: 100px\"><span class=\"vc_empty_space_inner\"><\/span><\/div><div style=\"font-size: 100px;color: #fed428;line-height: 1;text-align: center;font-family:script;font-weight:400;font-style:normal\" class=\"vc_custom_heading\" >Geschmack nach Tradition<\/div><div class=\"vc_empty_space\"   style=\"height: 100px\"><span class=\"vc_empty_space_inner\"><\/span><\/div>\n\t<div class=\"wpb_text_column wpb_content_element\" >\n\t\t<div class=\"wpb_wrapper\">\n\t\t\t<p dir=\"auto\" style=\"text-align: center;\"><span style=\"font-size: 18pt;\">Unsere Saucen stammen\u00a0<strong>aus dem Rezeptbuch unserer Gro\u00dfmutter Nicolasa,<\/strong><\/span><br \/>\n<span style=\"font-size: 18pt;\">die das Gasthaus \u201eLa Ferreria\u201c in La Pobleta, einem<\/span><br \/>\n<span style=\"font-size: 18pt;\">Ortsteil von Morella (Castell\u00f3n), bewirtschaftete.<\/span><\/p>\n<p dir=\"auto\" style=\"text-align: center;\"><span style=\"font-size: 18pt;\">Bei L'Aut\u00e8ntic sind wir stets bem\u00fcht,\u00a0<strong>ihre Rezepte<\/strong>\u00a0an\u00a0<strong>den heutigen Zeitgeist<\/strong>anzupassen,<\/span><br \/>\n<span style=\"font-size: 18pt;\">ohne\u00a0<strong>dabei<\/strong>\u00a0den Geschmack\u00a0<strong>von<\/strong>\u00a0Gro\u00dfmutter Nicolasas<\/span><br \/>\n<span style=\"font-size: 18pt;\">hausgemachten Rezepten zu vernachl\u00e4ssigen.<\/span><\/p>\n\n\t\t<\/div>\n\t<\/div>\n<div class=\"vc_empty_space\"   style=\"height: 32px\"><span class=\"vc_empty_space_inner\"><\/span><\/div><\/div><\/div><\/div><\/div><\/div><div class=\"container\"><div class=\"vc_row wpb_row vc_row-fluid\"><div class=\"wpb_column vc_column_container vc_col-sm-4\"><div class=\"vc_column-inner\"><div class=\"wpb_wrapper\">\n\t<div  class=\"wpb_single_image wpb_content_element vc_align_left\">\n\t\t\n\t\t<figure class=\"wpb_wrapper vc_figure\">\n\t\t\t<div class=\"vc_single_image-wrapper   vc_box_border_grey\"><img width=\"1707\" height=\"2560\" src=\"https:\/\/lautentic.es\/wp-content\/uploads\/2025\/03\/Platos-TPM-23-scaled.jpg\" class=\"vc_single_image-img attachment-full\" alt=\"\" decoding=\"async\" loading=\"lazy\" srcset=\"https:\/\/lautentic.es\/wp-content\/uploads\/2025\/03\/Platos-TPM-23-scaled.jpg 1707w, https:\/\/lautentic.es\/wp-content\/uploads\/2025\/03\/Platos-TPM-23-200x300.jpg 200w, https:\/\/lautentic.es\/wp-content\/uploads\/2025\/03\/Platos-TPM-23-683x1024.jpg 683w, https:\/\/lautentic.es\/wp-content\/uploads\/2025\/03\/Platos-TPM-23-768x1152.jpg 768w, https:\/\/lautentic.es\/wp-content\/uploads\/2025\/03\/Platos-TPM-23-1024x1536.jpg 1024w, https:\/\/lautentic.es\/wp-content\/uploads\/2025\/03\/Platos-TPM-23-1365x2048.jpg 1365w, https:\/\/lautentic.es\/wp-content\/uploads\/2025\/03\/Platos-TPM-23-8x12.jpg 8w, https:\/\/lautentic.es\/wp-content\/uploads\/2025\/03\/Platos-TPM-23-600x900.jpg 600w\" sizes=\"(max-width: 1707px) 100vw, 1707px\" \/><\/div>\n\t\t<\/figure>\n\t<\/div>\n<div class=\"vc_empty_space\"   style=\"height: 32px\"><span class=\"vc_empty_space_inner\"><\/span><\/div><\/div><\/div><\/div><div class=\"wpb_column vc_column_container vc_col-sm-4\"><div class=\"vc_column-inner\"><div class=\"wpb_wrapper\">\n\t<div  class=\"wpb_single_image wpb_content_element vc_align_left\">\n\t\t\n\t\t<figure class=\"wpb_wrapper vc_figure\">\n\t\t\t<div class=\"vc_single_image-wrapper   vc_box_border_grey\"><img width=\"1707\" height=\"2560\" src=\"https:\/\/lautentic.es\/wp-content\/uploads\/2025\/03\/Platos-TPM-44-scaled.jpg\" class=\"vc_single_image-img attachment-full\" alt=\"\" decoding=\"async\" loading=\"lazy\" srcset=\"https:\/\/lautentic.es\/wp-content\/uploads\/2025\/03\/Platos-TPM-44-scaled.jpg 1707w, https:\/\/lautentic.es\/wp-content\/uploads\/2025\/03\/Platos-TPM-44-200x300.jpg 200w, https:\/\/lautentic.es\/wp-content\/uploads\/2025\/03\/Platos-TPM-44-683x1024.jpg 683w, https:\/\/lautentic.es\/wp-content\/uploads\/2025\/03\/Platos-TPM-44-768x1152.jpg 768w, https:\/\/lautentic.es\/wp-content\/uploads\/2025\/03\/Platos-TPM-44-1024x1536.jpg 1024w, https:\/\/lautentic.es\/wp-content\/uploads\/2025\/03\/Platos-TPM-44-1365x2048.jpg 1365w, https:\/\/lautentic.es\/wp-content\/uploads\/2025\/03\/Platos-TPM-44-8x12.jpg 8w, https:\/\/lautentic.es\/wp-content\/uploads\/2025\/03\/Platos-TPM-44-600x900.jpg 600w\" sizes=\"(max-width: 1707px) 100vw, 1707px\" \/><\/div>\n\t\t<\/figure>\n\t<\/div>\n<div class=\"vc_empty_space\"   style=\"height: 32px\"><span class=\"vc_empty_space_inner\"><\/span><\/div><\/div><\/div><\/div><div class=\"wpb_column vc_column_container vc_col-sm-4\"><div class=\"vc_column-inner\"><div class=\"wpb_wrapper\">\n\t<div  class=\"wpb_single_image wpb_content_element vc_align_left\">\n\t\t\n\t\t<figure class=\"wpb_wrapper vc_figure\">\n\t\t\t<div class=\"vc_single_image-wrapper   vc_box_border_grey\"><img width=\"1707\" height=\"2560\" src=\"https:\/\/lautentic.es\/wp-content\/uploads\/2026\/03\/allioli.jpg\" class=\"vc_single_image-img attachment-full\" alt=\"\" decoding=\"async\" loading=\"lazy\" srcset=\"https:\/\/lautentic.es\/wp-content\/uploads\/2026\/03\/allioli.jpg 1707w, https:\/\/lautentic.es\/wp-content\/uploads\/2026\/03\/allioli-200x300.jpg 200w, https:\/\/lautentic.es\/wp-content\/uploads\/2026\/03\/allioli-683x1024.jpg 683w, https:\/\/lautentic.es\/wp-content\/uploads\/2026\/03\/allioli-768x1152.jpg 768w, https:\/\/lautentic.es\/wp-content\/uploads\/2026\/03\/allioli-1024x1536.jpg 1024w, https:\/\/lautentic.es\/wp-content\/uploads\/2026\/03\/allioli-1366x2048.jpg 1366w, https:\/\/lautentic.es\/wp-content\/uploads\/2026\/03\/allioli-8x12.jpg 8w, https:\/\/lautentic.es\/wp-content\/uploads\/2026\/03\/allioli-600x900.jpg 600w\" sizes=\"(max-width: 1707px) 100vw, 1707px\" \/><\/div>\n\t\t<\/figure>\n\t<\/div>\n<\/div><\/div><\/div><\/div><\/div><div class=\"container\"><div class=\"vc_row wpb_row vc_row-fluid\"><div class=\"wpb_column vc_column_container vc_col-sm-12\"><div class=\"vc_column-inner\"><div class=\"wpb_wrapper\"><div class=\"vc_empty_space\"   style=\"height: 32px\"><span class=\"vc_empty_space_inner\"><\/span><\/div>\n\t<div class=\"wpb_text_column wpb_content_element\" >\n\t\t<div class=\"wpb_wrapper\">\n\t\t\t<p dir=\"auto\" style=\"text-align: center;\"><span style=\"font-size: 18pt;\">L'Aut\u00e8ntic ist der Markenname von <strong>AUSSCH\u00dcTTUNGEN UND EXKLUSIVIT\u00c4TEN<\/strong><\/span><br \/>\n<span style=\"font-size: 18pt;\"><strong>TONI PACO MANOLI SL<\/strong> f\u00fcr die Saucen aus eigener<\/span><br \/>\n<span style=\"font-size: 18pt;\">Herstellung, die wir unseren Kunden anbieten.<\/span><\/p>\n<p dir=\"auto\" style=\"text-align: center;\"><span style=\"font-size: 18pt;\">Das Unternehmen wurde 1994 in Castell\u00f3n gegr\u00fcndet und verf\u00fcgt<\/span><br \/>\n<span style=\"font-size: 18pt;\">heute \u00fcber umfangreiche Erfahrungen im Bereich<\/span><br \/>\n<span style=\"font-size: 18pt;\">des Lebensmittelvertriebs.<\/span><\/p>\n\n\t\t<\/div>\n\t<\/div>\n<div class=\"vc_empty_space\"   style=\"height: 32px\"><span class=\"vc_empty_space_inner\"><\/span><\/div><\/div><\/div><\/div><\/div><\/div><div class=\"container\"><div class=\"vc_row wpb_row vc_row-fluid\"><div class=\"wpb_column vc_column_container vc_col-sm-4\"><div class=\"vc_column-inner\"><div class=\"wpb_wrapper\">\n\t<div  class=\"wpb_single_image wpb_content_element vc_align_left\">\n\t\t\n\t\t<figure class=\"wpb_wrapper vc_figure\">\n\t\t\t<div class=\"vc_single_image-wrapper   vc_box_border_grey\"><img class=\"vc_single_image-img\" src=\"https:\/\/lautentic.es\/wp-content\/uploads\/2026\/03\/ansaladilla-de-marisco.jpg\" width=\"1707\" height=\"2560\" alt=\"ansaladilla de marisco\" title=\"ansaladilla de marisco\" \/><\/div>\n\t\t<\/figure>\n\t<\/div>\n<div class=\"vc_empty_space\"   style=\"height: 32px\"><span class=\"vc_empty_space_inner\"><\/span><\/div><\/div><\/div><\/div><div class=\"wpb_column vc_column_container vc_col-sm-4\"><div class=\"vc_column-inner\"><div class=\"wpb_wrapper\">\n\t<div  class=\"wpb_single_image wpb_content_element vc_align_left\">\n\t\t\n\t\t<figure class=\"wpb_wrapper vc_figure\">\n\t\t\t<div class=\"vc_single_image-wrapper   vc_box_border_grey\"><img width=\"1707\" height=\"2560\" src=\"https:\/\/lautentic.es\/wp-content\/uploads\/2026\/03\/ensaladilla-rusa.jpg\" class=\"vc_single_image-img attachment-full\" alt=\"\" decoding=\"async\" loading=\"lazy\" srcset=\"https:\/\/lautentic.es\/wp-content\/uploads\/2026\/03\/ensaladilla-rusa.jpg 1707w, https:\/\/lautentic.es\/wp-content\/uploads\/2026\/03\/ensaladilla-rusa-200x300.jpg 200w, https:\/\/lautentic.es\/wp-content\/uploads\/2026\/03\/ensaladilla-rusa-683x1024.jpg 683w, https:\/\/lautentic.es\/wp-content\/uploads\/2026\/03\/ensaladilla-rusa-768x1152.jpg 768w, https:\/\/lautentic.es\/wp-content\/uploads\/2026\/03\/ensaladilla-rusa-1024x1536.jpg 1024w, https:\/\/lautentic.es\/wp-content\/uploads\/2026\/03\/ensaladilla-rusa-1366x2048.jpg 1366w, https:\/\/lautentic.es\/wp-content\/uploads\/2026\/03\/ensaladilla-rusa-8x12.jpg 8w, https:\/\/lautentic.es\/wp-content\/uploads\/2026\/03\/ensaladilla-rusa-600x900.jpg 600w\" sizes=\"(max-width: 1707px) 100vw, 1707px\" \/><\/div>\n\t\t<\/figure>\n\t<\/div>\n<div class=\"vc_empty_space\"   style=\"height: 32px\"><span class=\"vc_empty_space_inner\"><\/span><\/div><\/div><\/div><\/div><div class=\"wpb_column vc_column_container vc_col-sm-4\"><div class=\"vc_column-inner\"><div class=\"wpb_wrapper\">\n\t<div  class=\"wpb_single_image wpb_content_element vc_align_left\">\n\t\t\n\t\t<figure class=\"wpb_wrapper vc_figure\">\n\t\t\t<div class=\"vc_single_image-wrapper   vc_box_border_grey\"><img width=\"1707\" height=\"2560\" src=\"https:\/\/lautentic.es\/wp-content\/uploads\/2026\/03\/champinones.jpg\" class=\"vc_single_image-img attachment-full\" alt=\"\" decoding=\"async\" loading=\"lazy\" srcset=\"https:\/\/lautentic.es\/wp-content\/uploads\/2026\/03\/champinones.jpg 1707w, https:\/\/lautentic.es\/wp-content\/uploads\/2026\/03\/champinones-200x300.jpg 200w, https:\/\/lautentic.es\/wp-content\/uploads\/2026\/03\/champinones-683x1024.jpg 683w, https:\/\/lautentic.es\/wp-content\/uploads\/2026\/03\/champinones-768x1152.jpg 768w, https:\/\/lautentic.es\/wp-content\/uploads\/2026\/03\/champinones-1024x1536.jpg 1024w, https:\/\/lautentic.es\/wp-content\/uploads\/2026\/03\/champinones-1366x2048.jpg 1366w, https:\/\/lautentic.es\/wp-content\/uploads\/2026\/03\/champinones-8x12.jpg 8w, https:\/\/lautentic.es\/wp-content\/uploads\/2026\/03\/champinones-600x900.jpg 600w\" sizes=\"(max-width: 1707px) 100vw, 1707px\" \/><\/div>\n\t\t<\/figure>\n\t<\/div>\n<\/div><\/div><\/div><\/div><\/div><div class=\"container\"><div class=\"vc_row wpb_row vc_row-fluid\"><div class=\"wpb_column vc_column_container vc_col-sm-12\"><div class=\"vc_column-inner\"><div class=\"wpb_wrapper\"><div class=\"vc_empty_space\"   style=\"height: 32px\"><span class=\"vc_empty_space_inner\"><\/span><\/div>\n\t<div class=\"wpb_text_column wpb_content_element\" >\n\t\t<div class=\"wpb_wrapper\">\n\t\t\t<div class=\"wpb_text_column wpb_content_element\">\n<div class=\"wpb_wrapper\">\n<p dir=\"auto\" style=\"text-align: center;\"><span style=\"font-size: 18pt;\">Im\u00a0<strong>Jahr 2003<\/strong>\u00a0haben wir eine Sauce auf den Markt gebracht, die sich zum<\/span><br \/>\n<span style=\"font-size: 18pt;\">Starprodukt des Hauses entwickelt hat... die\u00a0<strong>A<em>ioli<br \/>\nL'Aut\u00e8ntic,<\/em><\/strong>eine ohne Konservierungsstoffe hergestellte Aioli<\/span><br \/>\n<span style=\"font-size: 18pt;\">aus eigener Herstellung, die sich durch ihren Geschmack auszeichnet \u2013 ein Geschmack im<\/span><br \/>\n<span style=\"font-size: 18pt;\">reinsten traditionellen Stil, als w\u00e4re sie hausgemacht.<\/span><\/p>\n<p dir=\"auto\" style=\"text-align: center;\"><span style=\"font-size: 18pt;\">Wir entwickeln derzeit weitere Saucen, Eint\u00f6pfe und<\/span><br \/>\n<span style=\"font-size: 18pt;\">Mahlzeiten.<\/span><\/p>\n<\/div>\n<\/div>\n\n\t\t<\/div>\n\t<\/div>\n<div class=\"vc_empty_space\"   style=\"height: 32px\"><span class=\"vc_empty_space_inner\"><\/span><\/div><\/div><\/div><\/div><\/div><\/div><div data-vc-full-width=\"true\" data-vc-full-width-init=\"false\" data-vc-stretch-content=\"true\" class=\"vc_row wpb_row vc_row-fluid vc_row-no-padding\"><div class=\"wpb_column vc_column_container vc_col-sm-12\"><div class=\"vc_column-inner\"><div class=\"wpb_wrapper\">\n\t<div  class=\"wpb_single_image wpb_content_element vc_align_left\">\n\t\t\n\t\t<figure class=\"wpb_wrapper vc_figure\">\n\t\t\t<div class=\"vc_single_image-wrapper   vc_box_border_grey\"><img width=\"1905\" height=\"952\" src=\"https:\/\/lautentic.es\/wp-content\/uploads\/2023\/06\/la.FOOTER_2.1905x952px.jpg\" class=\"vc_single_image-img attachment-full\" alt=\"\" decoding=\"async\" loading=\"lazy\" srcset=\"https:\/\/lautentic.es\/wp-content\/uploads\/2023\/06\/la.FOOTER_2.1905x952px.jpg 1905w, https:\/\/lautentic.es\/wp-content\/uploads\/2023\/06\/la.FOOTER_2.1905x952px-300x150.jpg 300w, https:\/\/lautentic.es\/wp-content\/uploads\/2023\/06\/la.FOOTER_2.1905x952px-1024x512.jpg 1024w, https:\/\/lautentic.es\/wp-content\/uploads\/2023\/06\/la.FOOTER_2.1905x952px-768x384.jpg 768w, https:\/\/lautentic.es\/wp-content\/uploads\/2023\/06\/la.FOOTER_2.1905x952px-1536x768.jpg 1536w, https:\/\/lautentic.es\/wp-content\/uploads\/2023\/06\/la.FOOTER_2.1905x952px-600x300.jpg 600w\" sizes=\"(max-width: 1905px) 100vw, 1905px\" \/><\/div>\n\t\t<\/figure>\n\t<\/div>\n<\/div><\/div><\/div><\/div><div class=\"vc_row-full-width vc_clearfix\"><\/div>","protected":false},"excerpt":{"rendered":"Sabor a tradici\u00f3n Nuestras salsas salen del\u00a0recetario de la abuela Nicolasa que regentaba\u00a0 la posada \u00abLa Ferreria\u00bb en la Pobleta, una pedan\u00eda de Morella (Castell\u00f3n). En L\u00b4aut\u00e8ntic hemos querido\u00a0innovar\u00a0sus\u00a0recetas, pero siempre\u00a0respetando\u00a0que tengan ese\u00a0sabor\u00a0como hecho en casa de la abuela Nicolasa. L\u2019aut\u00e8ntic es la marca de DISTRIBUCIONES Y EXCLUSIVAS TONI PACO MANOLI SL que abarca las<div class=\"klb-readmore\"><a href=\"https:\/\/lautentic.es\/de\/quienes-somos\/\" class=\"btn\">READ MORE<\/a><\/div>","protected":false},"author":1,"featured_media":0,"parent":0,"menu_order":0,"comment_status":"closed","ping_status":"closed","template":"","meta":{"om_disable_all_campaigns":false,"_monsterinsights_skip_tracking":false,"_monsterinsights_sitenote_active":false,"_monsterinsights_sitenote_note":"","_monsterinsights_sitenote_category":0},"aioseo_notices":[],"_links":{"self":[{"href":"https:\/\/lautentic.es\/de\/wp-json\/wp\/v2\/pages\/1278"}],"collection":[{"href":"https:\/\/lautentic.es\/de\/wp-json\/wp\/v2\/pages"}],"about":[{"href":"https:\/\/lautentic.es\/de\/wp-json\/wp\/v2\/types\/page"}],"author":[{"embeddable":true,"href":"https:\/\/lautentic.es\/de\/wp-json\/wp\/v2\/users\/1"}],"replies":[{"embeddable":true,"href":"https:\/\/lautentic.es\/de\/wp-json\/wp\/v2\/comments?post=1278"}],"version-history":[{"count":41,"href":"https:\/\/lautentic.es\/de\/wp-json\/wp\/v2\/pages\/1278\/revisions"}],"predecessor-version":[{"id":2202,"href":"https:\/\/lautentic.es\/de\/wp-json\/wp\/v2\/pages\/1278\/revisions\/2202"}],"wp:attachment":[{"href":"https:\/\/lautentic.es\/de\/wp-json\/wp\/v2\/media?parent=1278"}],"curies":[{"name":"wp","href":"https:\/\/api.w.org\/{rel}","templated":true}]}}