{"id":1217,"date":"2023-05-03T06:19:43","date_gmt":"2023-05-03T06:19:43","guid":{"rendered":"https:\/?page_id=1217"},"modified":"2024-12-19T14:55:04","modified_gmt":"2024-12-19T14:55:04","slug":"pasta-de-bacalao-artesana","status":"publish","type":"page","link":"https:\/\/lautentic.es\/de\/pasta-de-bacalao-artesana\/","title":{"rendered":"Hausgemachte Kabeljau-Paste"},"content":{"rendered":"<div data-vc-full-width=\"true\" data-vc-full-width-init=\"false\" data-vc-stretch-content=\"true\" class=\"vc_row wpb_row vc_row-fluid vc_row-no-padding\"><div class=\"wpb_column vc_column_container vc_col-sm-12 vc_hidden-md vc_hidden-sm vc_hidden-xs\"><div class=\"vc_column-inner\"><div class=\"wpb_wrapper\">\n\t<div  class=\"wpb_single_image wpb_content_element vc_align_left\">\n\t\t\n\t\t<figure class=\"wpb_wrapper vc_figure\">\n\t\t\t<div class=\"vc_single_image-wrapper   vc_box_border_grey\"><img class=\"vc_single_image-img\" src=\"https:\/\/lautentic.es\/wp-content\/uploads\/2023\/05\/PASTA.png\" width=\"1905\" height=\"800\" alt=\"\" title=\"\" \/><\/div>\n\t\t<\/figure>\n\t<\/div>\n<\/div><\/div><\/div><\/div><div class=\"vc_row-full-width vc_clearfix\"><\/div><div data-vc-full-width=\"true\" data-vc-full-width-init=\"false\" data-vc-stretch-content=\"true\" class=\"vc_row wpb_row vc_row-fluid vc_row-no-padding\"><div class=\"wpb_column vc_column_container vc_col-sm-12 vc_hidden-lg\"><div class=\"vc_column-inner\"><div class=\"wpb_wrapper\"><div class=\"vc_empty_space\"   style=\"height: 64px\"><span class=\"vc_empty_space_inner\"><\/span><\/div>\n\t<div  class=\"wpb_single_image wpb_content_element vc_align_left\">\n\t\t\n\t\t<figure class=\"wpb_wrapper vc_figure\">\n\t\t\t<div class=\"vc_single_image-wrapper   vc_box_border_grey\"><img class=\"vc_single_image-img\" src=\"https:\/\/lautentic.es\/wp-content\/uploads\/2023\/05\/PASTA-1905x700.png\" width=\"1905\" height=\"700\" alt=\"\" title=\"\" \/><\/div>\n\t\t<\/figure>\n\t<\/div>\n<\/div><\/div><\/div><\/div><div class=\"vc_row-full-width vc_clearfix\"><\/div><div class=\"container\"><div class=\"vc_row wpb_row vc_row-fluid\"><div class=\"wpb_column vc_column_container vc_col-sm-12\"><div class=\"vc_column-inner\"><div class=\"wpb_wrapper\"><div class=\"vc_empty_space\"   style=\"height: 75px\"><span class=\"vc_empty_space_inner\"><\/span><\/div><div style=\"font-size: 100px;color: #fed428;line-height: 1;text-align: center;font-family:script;font-weight:400;font-style:normal\" class=\"vc_custom_heading\" >Geschmack nach Tradition<\/div><div class=\"vc_empty_space\"   style=\"height: 75px\"><span class=\"vc_empty_space_inner\"><\/span><\/div>\n\t<div class=\"wpb_text_column wpb_content_element\" >\n\t\t<div class=\"wpb_wrapper\">\n\t\t\t<h1 style=\"text-align: center;\">Hausgemachte Kabeljau-Paste<\/h1>\n\n\t\t<\/div>\n\t<\/div>\n<div class=\"vc_empty_space\"   style=\"height: 32px\"><span class=\"vc_empty_space_inner\"><\/span><\/div>\n\t<div class=\"wpb_text_column wpb_content_element\" >\n\t\t<div class=\"wpb_wrapper\">\n\t\t\t<p style=\"text-align: center;\"><span style=\"font-weight: 400;\">Unsere hausgemachte Kabeljau-Paste eignet sich perfekt zur schnellen und einfachen<br \/>\nZubereitung von selbstgemachten Kroketten. Dank der traditionellen Herstellung des<br \/>\nTeigs wird ein knuspriges und k\u00f6stliches Ergebnis erzielt. Der Geschmack und die Intensit\u00e4t der Paste<br \/>\nmachen Ihre Gerichte zu einem Genuss. <\/span><\/p>\n\n\t\t<\/div>\n\t<\/div>\n<div class=\"vc_empty_space\"   style=\"height: 64px\"><span class=\"vc_empty_space_inner\"><\/span><\/div><\/div><\/div><\/div><\/div><\/div><div class=\"container\"><div class=\"vc_row wpb_row vc_row-fluid\"><div class=\"wpb_column vc_column_container vc_col-sm-12\"><div class=\"vc_column-inner\"><div class=\"wpb_wrapper\"><div class=\"vc_row wpb_row vc_inner vc_row-fluid\"><div class=\"wpb_column vc_column_container vc_col-sm-6\"><div class=\"vc_column-inner\"><div class=\"wpb_wrapper\">\n\t<div  class=\"wpb_single_image wpb_content_element vc_align_left\">\n\t\t\n\t\t<figure class=\"wpb_wrapper vc_figure\">\n\t\t\t<div class=\"vc_single_image-wrapper   vc_box_border_grey\"><img class=\"vc_single_image-img\" src=\"https:\/\/lautentic.es\/wp-content\/uploads\/2024\/12\/tpm.PLATOS-TRADICIONALES_PASTA-BACALAO.250g.600x364px.png\" width=\"600\" height=\"364\" alt=\"tpm.PLATOS TRADICIONALES_PASTA BACALAO.250g.600x364px\" title=\"tpm.PLATOS TRADICIONALES_PASTA BACALAO.250g.600x364px\" \/><\/div>\n\t\t<\/figure>\n\t<\/div>\n<\/div><\/div><\/div><div class=\"wpb_column vc_column_container vc_col-sm-6\"><div class=\"vc_column-inner\"><div class=\"wpb_wrapper\"><div class=\"vc_empty_space\"   style=\"height: 34px\"><span class=\"vc_empty_space_inner\"><\/span><\/div>\n\t<div class=\"wpb_text_column wpb_content_element\" >\n\t\t<div class=\"wpb_wrapper\">\n\t\t\t<h2><span style=\"font-weight: 400;\">250g Schale<\/span><\/h2>\n\n\t\t<\/div>\n\t<\/div>\n<div class=\"vc_empty_space\"   style=\"height: 22px\"><span class=\"vc_empty_space_inner\"><\/span><\/div>\n\t<div class=\"wpb_text_column wpb_content_element\" >\n\t\t<div class=\"wpb_wrapper\">\n\t\t\t<p><span style=\"font-weight: 400;\">Unsere Kabeljau-Paste ist f\u00fcr jede Gelegenheit geeignet. Dieses Format eignet sich ideal f\u00fcr zu Hause.<\/span><\/p>\n\n\t\t<\/div>\n\t<\/div>\n<\/div><\/div><\/div><\/div><div class=\"vc_row wpb_row vc_inner vc_row-fluid\"><div class=\"wpb_column vc_column_container vc_col-sm-6\"><div class=\"vc_column-inner\"><div class=\"wpb_wrapper\">\n\t<div  class=\"wpb_single_image wpb_content_element vc_align_left\">\n\t\t\n\t\t<figure class=\"wpb_wrapper vc_figure\">\n\t\t\t<div class=\"vc_single_image-wrapper   vc_box_border_grey\"><img class=\"vc_single_image-img\" src=\"https:\/\/lautentic.es\/wp-content\/uploads\/2024\/12\/tpm.PLATOS-TRADICIONALES_PASTA-BACALAO.1000g.600x364px.png\" width=\"600\" height=\"364\" alt=\"tpm.PLATOS TRADICIONALES_PASTA BACALAO.1000g.600x364px\" title=\"tpm.PLATOS TRADICIONALES_PASTA BACALAO.1000g.600x364px\" \/><\/div>\n\t\t<\/figure>\n\t<\/div>\n<\/div><\/div><\/div><div class=\"wpb_column vc_column_container vc_col-sm-6\"><div class=\"vc_column-inner\"><div class=\"wpb_wrapper\"><div class=\"vc_empty_space\"   style=\"height: 34px\"><span class=\"vc_empty_space_inner\"><\/span><\/div>\n\t<div class=\"wpb_text_column wpb_content_element\" >\n\t\t<div class=\"wpb_wrapper\">\n\t\t\t<h2><span style=\"font-weight: 400;\">Schale<\/span><span style=\"font-weight: 400;\"> 1000g<\/span><\/h2>\n\n\t\t<\/div>\n\t<\/div>\n<div class=\"vc_empty_space\"   style=\"height: 22px\"><span class=\"vc_empty_space_inner\"><\/span><\/div>\n\t<div class=\"wpb_text_column wpb_content_element\" >\n\t\t<div class=\"wpb_wrapper\">\n\t\t\t<p><span style=\"font-weight: 400;\">Dieses Gro\u00dfformat erm\u00f6glicht es der Gastronomie, ihre hausgemachten Kroketten schnell und einfach zuzubereiten. Der volle Geschmack und die Qualit\u00e4t der Zutaten bleiben vollst\u00e4ndig erhalten.<\/span><\/p>\n\n\t\t<\/div>\n\t<\/div>\n<\/div><\/div><\/div><\/div><\/div><\/div><\/div><\/div><\/div><div data-vc-full-width=\"true\" data-vc-full-width-init=\"false\" data-vc-stretch-content=\"true\" class=\"vc_row wpb_row vc_row-fluid vc_row-no-padding\"><div class=\"wpb_column vc_column_container vc_col-sm-12\"><div class=\"vc_column-inner\"><div class=\"wpb_wrapper\"><div class=\"vc_empty_space\"   style=\"height: 32px\"><span class=\"vc_empty_space_inner\"><\/span><\/div>\n\t<div  class=\"wpb_single_image wpb_content_element vc_align_left\">\n\t\t\n\t\t<figure class=\"wpb_wrapper vc_figure\">\n\t\t\t<div class=\"vc_single_image-wrapper   vc_box_border_grey\"><img width=\"1905\" height=\"952\" src=\"https:\/\/lautentic.es\/wp-content\/uploads\/2023\/06\/la.FOOTER_2.1905x952px.jpg\" class=\"vc_single_image-img attachment-full\" alt=\"\" decoding=\"async\" loading=\"lazy\" srcset=\"https:\/\/lautentic.es\/wp-content\/uploads\/2023\/06\/la.FOOTER_2.1905x952px.jpg 1905w, https:\/\/lautentic.es\/wp-content\/uploads\/2023\/06\/la.FOOTER_2.1905x952px-300x150.jpg 300w, https:\/\/lautentic.es\/wp-content\/uploads\/2023\/06\/la.FOOTER_2.1905x952px-1024x512.jpg 1024w, https:\/\/lautentic.es\/wp-content\/uploads\/2023\/06\/la.FOOTER_2.1905x952px-768x384.jpg 768w, https:\/\/lautentic.es\/wp-content\/uploads\/2023\/06\/la.FOOTER_2.1905x952px-1536x768.jpg 1536w, https:\/\/lautentic.es\/wp-content\/uploads\/2023\/06\/la.FOOTER_2.1905x952px-600x300.jpg 600w\" sizes=\"(max-width: 1905px) 100vw, 1905px\" \/><\/div>\n\t\t<\/figure>\n\t<\/div>\n<\/div><\/div><\/div><\/div><div class=\"vc_row-full-width vc_clearfix\"><\/div>","protected":false},"excerpt":{"rendered":"Sabor a tradici\u00f3n Pasta de bacalao artesana Nuestra pasta de bacalao artesana es perfecta para realizar croquetas caseras de forma r\u00e1pida y sencilla. Gracias a la elaboraci\u00f3n artesanal de la masa su acabado ser\u00e1 crujiente y sabroso. El sabor y la intensidad de la pasta har\u00e1 de sus platos un deleite. Bandeja de 250g Nuestra<div class=\"klb-readmore\"><a href=\"https:\/\/lautentic.es\/de\/pasta-de-bacalao-artesana\/\" class=\"btn\">READ MORE<\/a><\/div>","protected":false},"author":1,"featured_media":0,"parent":0,"menu_order":0,"comment_status":"closed","ping_status":"closed","template":"","meta":{"om_disable_all_campaigns":false,"_monsterinsights_skip_tracking":false,"_monsterinsights_sitenote_active":false,"_monsterinsights_sitenote_note":"","_monsterinsights_sitenote_category":0},"aioseo_notices":[],"_links":{"self":[{"href":"https:\/\/lautentic.es\/de\/wp-json\/wp\/v2\/pages\/1217"}],"collection":[{"href":"https:\/\/lautentic.es\/de\/wp-json\/wp\/v2\/pages"}],"about":[{"href":"https:\/\/lautentic.es\/de\/wp-json\/wp\/v2\/types\/page"}],"author":[{"embeddable":true,"href":"https:\/\/lautentic.es\/de\/wp-json\/wp\/v2\/users\/1"}],"replies":[{"embeddable":true,"href":"https:\/\/lautentic.es\/de\/wp-json\/wp\/v2\/comments?post=1217"}],"version-history":[{"count":14,"href":"https:\/\/lautentic.es\/de\/wp-json\/wp\/v2\/pages\/1217\/revisions"}],"predecessor-version":[{"id":1935,"href":"https:\/\/lautentic.es\/de\/wp-json\/wp\/v2\/pages\/1217\/revisions\/1935"}],"wp:attachment":[{"href":"https:\/\/lautentic.es\/de\/wp-json\/wp\/v2\/media?parent=1217"}],"curies":[{"name":"wp","href":"https:\/\/api.w.org\/{rel}","templated":true}]}}